{"id":126117,"date":"2025-11-20T10:35:12","date_gmt":"2025-11-20T09:35:12","guid":{"rendered":"https:\/\/studypeak.ch\/?page_id=126117"},"modified":"2025-12-15T08:33:00","modified_gmt":"2025-12-15T07:33:00","slug":"schulen","status":"publish","type":"page","link":"https:\/\/studypeak.ch\/en\/schulen\/","title":{"rendered":"Schulen"},"content":{"rendered":"","protected":false},"excerpt":{"rendered":"","protected":false},"author":1,"featured_media":0,"parent":0,"menu_order":0,"comment_status":"closed","ping_status":"closed","template":"","meta":{"footnotes":""},"class_list":["post-126117","page","type-page","status-publish","hentry"],"acf":[],"yoast_head":"<!-- This site is optimized with the Yoast SEO plugin v26.5 - https:\/\/yoast.com\/wordpress\/plugins\/seo\/ -->\n<title>F\u00fcr Schulen | Lern- und Pr\u00fcfungsvorbereitung | studypeak<\/title>\n<meta name=\"description\" content=\"Studypeak unterst\u00fctzt Schulen mit Trainingsbereichen, Pr\u00fcfungssimulationen und individuellen Auswertungen f\u00fcr Multicheck, Gymivorbereitung und mehr.\" \/>\n<meta name=\"robots\" content=\"index, follow, max-snippet:-1, max-image-preview:large, max-video-preview:-1\" \/>\n<link rel=\"canonical\" href=\"https:\/\/studypeak.ch\/en\/schulen\/\" \/>\n<meta property=\"og:locale\" content=\"en_US\" \/>\n<meta property=\"og:type\" content=\"article\" \/>\n<meta property=\"og:title\" content=\"F\u00fcr Schulen | Lern- und Pr\u00fcfungsvorbereitung | studypeak\" \/>\n<meta property=\"og:description\" content=\"Studypeak unterst\u00fctzt Schulen mit Trainingsbereichen, Pr\u00fcfungssimulationen und individuellen Auswertungen f\u00fcr Multicheck, Gymivorbereitung und mehr.\" \/>\n<meta property=\"og:url\" content=\"https:\/\/studypeak.ch\/en\/schulen\/\" \/>\n<meta property=\"og:site_name\" content=\"studypeak\" \/>\n<meta property=\"article:modified_time\" content=\"2025-12-15T07:33:00+00:00\" \/>\n<meta property=\"og:image\" content=\"https:\/\/studypeak.ch\/wp-content\/uploads\/2025\/04\/Studypeak-Logo-SEO.png\" \/>\n\t<meta property=\"og:image:width\" content=\"1200\" \/>\n\t<meta property=\"og:image:height\" content=\"630\" \/>\n\t<meta property=\"og:image:type\" content=\"image\/png\" \/>\n<meta name=\"twitter:card\" content=\"summary_large_image\" \/>\n<script type=\"application\/ld+json\" class=\"yoast-schema-graph\">{\"@context\":\"https:\/\/schema.org\",\"@graph\":[{\"@type\":\"WebPage\",\"@id\":\"https:\/\/studypeak.ch\/schulen\/\",\"url\":\"https:\/\/studypeak.ch\/schulen\/\",\"name\":\"F\u00fcr Schulen | Lern- und Pr\u00fcfungsvorbereitung | studypeak\",\"isPartOf\":{\"@id\":\"https:\/\/studypeak.ch\/#website\"},\"datePublished\":\"2025-11-20T09:35:12+00:00\",\"dateModified\":\"2025-12-15T07:33:00+00:00\",\"description\":\"Studypeak unterst\u00fctzt Schulen mit Trainingsbereichen, Pr\u00fcfungssimulationen und individuellen Auswertungen f\u00fcr Multicheck, Gymivorbereitung und mehr.\",\"breadcrumb\":{\"@id\":\"https:\/\/studypeak.ch\/schulen\/#breadcrumb\"},\"inLanguage\":\"en-US\",\"potentialAction\":[{\"@type\":\"ReadAction\",\"target\":[\"https:\/\/studypeak.ch\/schulen\/\"]}]},{\"@type\":\"BreadcrumbList\",\"@id\":\"https:\/\/studypeak.ch\/schulen\/#breadcrumb\",\"itemListElement\":[{\"@type\":\"ListItem\",\"position\":1,\"name\":\"Home\",\"item\":\"https:\/\/studypeak.ch\/\"},{\"@type\":\"ListItem\",\"position\":2,\"name\":\"Schulen\"}]},{\"@type\":\"WebSite\",\"@id\":\"https:\/\/studypeak.ch\/#website\",\"url\":\"https:\/\/studypeak.ch\/\",\"name\":\"studypeak\",\"description\":\"studypeak\",\"publisher\":{\"@id\":\"https:\/\/studypeak.ch\/#organization\"},\"potentialAction\":[{\"@type\":\"SearchAction\",\"target\":{\"@type\":\"EntryPoint\",\"urlTemplate\":\"https:\/\/studypeak.ch\/?s={search_term_string}\"},\"query-input\":{\"@type\":\"PropertyValueSpecification\",\"valueRequired\":true,\"valueName\":\"search_term_string\"}}],\"inLanguage\":\"en-US\"},{\"@type\":\"Organization\",\"@id\":\"https:\/\/studypeak.ch\/#organization\",\"name\":\"studypeak\",\"url\":\"https:\/\/studypeak.ch\/\",\"logo\":{\"@type\":\"ImageObject\",\"inLanguage\":\"en-US\",\"@id\":\"https:\/\/studypeak.ch\/#\/schema\/logo\/image\/\",\"url\":\"https:\/\/studypeak.ch\/wp-content\/uploads\/2024\/10\/studypeak-logo.svg\",\"contentUrl\":\"https:\/\/studypeak.ch\/wp-content\/uploads\/2024\/10\/studypeak-logo.svg\",\"caption\":\"studypeak\"},\"image\":{\"@id\":\"https:\/\/studypeak.ch\/#\/schema\/logo\/image\/\"}}]}<\/script>\n<!-- \/ Yoast SEO plugin. -->","yoast_head_json":{"title":"F\u00fcr Schulen | Lern- und Pr\u00fcfungsvorbereitung | studypeak","description":"Studypeak unterst\u00fctzt Schulen mit Trainingsbereichen, Pr\u00fcfungssimulationen und individuellen Auswertungen f\u00fcr Multicheck, Gymivorbereitung und mehr.","robots":{"index":"index","follow":"follow","max-snippet":"max-snippet:-1","max-image-preview":"max-image-preview:large","max-video-preview":"max-video-preview:-1"},"canonical":"https:\/\/studypeak.ch\/en\/schulen\/","og_locale":"en_US","og_type":"article","og_title":"F\u00fcr Schulen | Lern- und Pr\u00fcfungsvorbereitung | studypeak","og_description":"Studypeak unterst\u00fctzt Schulen mit Trainingsbereichen, Pr\u00fcfungssimulationen und individuellen Auswertungen f\u00fcr Multicheck, Gymivorbereitung und mehr.","og_url":"https:\/\/studypeak.ch\/en\/schulen\/","og_site_name":"studypeak","article_modified_time":"2025-12-15T07:33:00+00:00","og_image":[{"width":1200,"height":630,"url":"https:\/\/studypeak.ch\/wp-content\/uploads\/2025\/04\/Studypeak-Logo-SEO.png","type":"image\/png"}],"twitter_card":"summary_large_image","schema":{"@context":"https:\/\/schema.org","@graph":[{"@type":"WebPage","@id":"https:\/\/studypeak.ch\/schulen\/","url":"https:\/\/studypeak.ch\/schulen\/","name":"F\u00fcr Schulen | Lern- und Pr\u00fcfungsvorbereitung | studypeak","isPartOf":{"@id":"https:\/\/studypeak.ch\/#website"},"datePublished":"2025-11-20T09:35:12+00:00","dateModified":"2025-12-15T07:33:00+00:00","description":"Studypeak unterst\u00fctzt Schulen mit Trainingsbereichen, Pr\u00fcfungssimulationen und individuellen Auswertungen f\u00fcr Multicheck, Gymivorbereitung und mehr.","breadcrumb":{"@id":"https:\/\/studypeak.ch\/schulen\/#breadcrumb"},"inLanguage":"en-US","potentialAction":[{"@type":"ReadAction","target":["https:\/\/studypeak.ch\/schulen\/"]}]},{"@type":"BreadcrumbList","@id":"https:\/\/studypeak.ch\/schulen\/#breadcrumb","itemListElement":[{"@type":"ListItem","position":1,"name":"Home","item":"https:\/\/studypeak.ch\/"},{"@type":"ListItem","position":2,"name":"Schulen"}]},{"@type":"WebSite","@id":"https:\/\/studypeak.ch\/#website","url":"https:\/\/studypeak.ch\/","name":"studypeak","description":"studypeak","publisher":{"@id":"https:\/\/studypeak.ch\/#organization"},"potentialAction":[{"@type":"SearchAction","target":{"@type":"EntryPoint","urlTemplate":"https:\/\/studypeak.ch\/?s={search_term_string}"},"query-input":{"@type":"PropertyValueSpecification","valueRequired":true,"valueName":"search_term_string"}}],"inLanguage":"en-US"},{"@type":"Organization","@id":"https:\/\/studypeak.ch\/#organization","name":"studypeak","url":"https:\/\/studypeak.ch\/","logo":{"@type":"ImageObject","inLanguage":"en-US","@id":"https:\/\/studypeak.ch\/#\/schema\/logo\/image\/","url":"https:\/\/studypeak.ch\/wp-content\/uploads\/2024\/10\/studypeak-logo.svg","contentUrl":"https:\/\/studypeak.ch\/wp-content\/uploads\/2024\/10\/studypeak-logo.svg","caption":"studypeak"},"image":{"@id":"https:\/\/studypeak.ch\/#\/schema\/logo\/image\/"}}]}},"jetpack_sharing_enabled":true,"_links":{"self":[{"href":"https:\/\/studypeak.ch\/en\/wp-json\/wp\/v2\/pages\/126117","targetHints":{"allow":["GET"]}}],"collection":[{"href":"https:\/\/studypeak.ch\/en\/wp-json\/wp\/v2\/pages"}],"about":[{"href":"https:\/\/studypeak.ch\/en\/wp-json\/wp\/v2\/types\/page"}],"author":[{"embeddable":true,"href":"https:\/\/studypeak.ch\/en\/wp-json\/wp\/v2\/users\/1"}],"replies":[{"embeddable":true,"href":"https:\/\/studypeak.ch\/en\/wp-json\/wp\/v2\/comments?post=126117"}],"version-history":[{"count":99,"href":"https:\/\/studypeak.ch\/en\/wp-json\/wp\/v2\/pages\/126117\/revisions"}],"predecessor-version":[{"id":128683,"href":"https:\/\/studypeak.ch\/en\/wp-json\/wp\/v2\/pages\/126117\/revisions\/128683"}],"wp:attachment":[{"href":"https:\/\/studypeak.ch\/en\/wp-json\/wp\/v2\/media?parent=126117"}],"curies":[{"name":"wp","href":"https:\/\/api.w.org\/{rel}","templated":true}]}}