{"id":21305,"date":"2024-10-30T18:21:14","date_gmt":"2024-10-30T18:21:14","guid":{"rendered":"http:\/\/studypeak.ch\/?page_id=21305"},"modified":"2025-11-28T10:56:25","modified_gmt":"2025-11-28T09:56:25","slug":"pruefungsvorbereitung","status":"publish","type":"page","link":"https:\/\/studypeak.ch\/fr\/pruefungsvorbereitung\/","title":{"rendered":"Pr\u00e9paration aux examens"},"content":{"rendered":"","protected":false},"excerpt":{"rendered":"","protected":false},"author":1,"featured_media":0,"parent":0,"menu_order":0,"comment_status":"closed","ping_status":"closed","template":"","meta":{"footnotes":""},"class_list":["post-21305","page","type-page","status-publish","hentry"],"acf":[],"yoast_head":"<!-- This site is optimized with the Yoast SEO plugin v26.5 - https:\/\/yoast.com\/wordpress\/plugins\/seo\/ -->\n<title>Pr\u00fcfungsvorbereitung \u2013 Erfolgreich bestehen | studypeak<\/title>\n<meta name=\"description\" content=\"Mit gezielter Pr\u00fcfungsvorbereitung zum Erfolg! Unterst\u00fctzung f\u00fcr Gymi-Vorbereitung, Multicheck, Stellwerktest &amp; mehr in der Schweiz. Erfahre mehr!\" \/>\n<meta name=\"robots\" content=\"index, follow, max-snippet:-1, max-image-preview:large, max-video-preview:-1\" \/>\n<link rel=\"canonical\" href=\"https:\/\/studypeak.ch\/fr\/pruefungsvorbereitung\/\" \/>\n<meta property=\"og:locale\" content=\"fr_FR\" \/>\n<meta property=\"og:type\" content=\"article\" \/>\n<meta property=\"og:title\" content=\"Pr\u00fcfungsvorbereitung \u2013 Erfolgreich bestehen | studypeak\" \/>\n<meta property=\"og:description\" content=\"Mit gezielter Pr\u00fcfungsvorbereitung zum Erfolg! Unterst\u00fctzung f\u00fcr Gymi-Vorbereitung, Multicheck, Stellwerktest &amp; mehr in der Schweiz. Erfahre mehr!\" \/>\n<meta property=\"og:url\" content=\"https:\/\/studypeak.ch\/fr\/pruefungsvorbereitung\/\" \/>\n<meta property=\"og:site_name\" content=\"studypeak\" \/>\n<meta property=\"article:modified_time\" content=\"2025-11-28T09:56:25+00:00\" \/>\n<meta property=\"og:image\" content=\"https:\/\/studypeak.ch\/wp-content\/uploads\/2025\/04\/Studypeak-Logo-SEO.png\" \/>\n\t<meta property=\"og:image:width\" content=\"1200\" \/>\n\t<meta property=\"og:image:height\" content=\"630\" \/>\n\t<meta property=\"og:image:type\" content=\"image\/png\" \/>\n<meta name=\"twitter:card\" content=\"summary_large_image\" \/>\n<meta name=\"twitter:label1\" content=\"Dur\u00e9e de lecture estim\u00e9e\" \/>\n\t<meta name=\"twitter:data1\" content=\"3 minutes\" \/>\n<script type=\"application\/ld+json\" class=\"yoast-schema-graph\">{\"@context\":\"https:\/\/schema.org\",\"@graph\":[{\"@type\":\"WebPage\",\"@id\":\"https:\/\/studypeak.ch\/pruefungsvorbereitung\/\",\"url\":\"https:\/\/studypeak.ch\/pruefungsvorbereitung\/\",\"name\":\"Pr\u00fcfungsvorbereitung \u2013 Erfolgreich bestehen | studypeak\",\"isPartOf\":{\"@id\":\"https:\/\/studypeak.ch\/#website\"},\"datePublished\":\"2024-10-30T18:21:14+00:00\",\"dateModified\":\"2025-11-28T09:56:25+00:00\",\"description\":\"Mit gezielter Pr\u00fcfungsvorbereitung zum Erfolg! Unterst\u00fctzung f\u00fcr Gymi-Vorbereitung, Multicheck, Stellwerktest & mehr in der Schweiz. Erfahre mehr!\",\"breadcrumb\":{\"@id\":\"https:\/\/studypeak.ch\/pruefungsvorbereitung\/#breadcrumb\"},\"inLanguage\":\"fr-FR\",\"potentialAction\":[{\"@type\":\"ReadAction\",\"target\":[\"https:\/\/studypeak.ch\/pruefungsvorbereitung\/\"]}]},{\"@type\":\"BreadcrumbList\",\"@id\":\"https:\/\/studypeak.ch\/pruefungsvorbereitung\/#breadcrumb\",\"itemListElement\":[{\"@type\":\"ListItem\",\"position\":1,\"name\":\"Home\",\"item\":\"https:\/\/studypeak.ch\/\"},{\"@type\":\"ListItem\",\"position\":2,\"name\":\"Pr\u00fcfungsvorbereitung\"}]},{\"@type\":\"WebSite\",\"@id\":\"https:\/\/studypeak.ch\/#website\",\"url\":\"https:\/\/studypeak.ch\/\",\"name\":\"studypeak\",\"description\":\"studypeak\",\"publisher\":{\"@id\":\"https:\/\/studypeak.ch\/#organization\"},\"potentialAction\":[{\"@type\":\"SearchAction\",\"target\":{\"@type\":\"EntryPoint\",\"urlTemplate\":\"https:\/\/studypeak.ch\/?s={search_term_string}\"},\"query-input\":{\"@type\":\"PropertyValueSpecification\",\"valueRequired\":true,\"valueName\":\"search_term_string\"}}],\"inLanguage\":\"fr-FR\"},{\"@type\":\"Organization\",\"@id\":\"https:\/\/studypeak.ch\/#organization\",\"name\":\"studypeak\",\"url\":\"https:\/\/studypeak.ch\/\",\"logo\":{\"@type\":\"ImageObject\",\"inLanguage\":\"fr-FR\",\"@id\":\"https:\/\/studypeak.ch\/#\/schema\/logo\/image\/\",\"url\":\"https:\/\/studypeak.ch\/wp-content\/uploads\/2024\/10\/studypeak-logo.svg\",\"contentUrl\":\"https:\/\/studypeak.ch\/wp-content\/uploads\/2024\/10\/studypeak-logo.svg\",\"caption\":\"studypeak\"},\"image\":{\"@id\":\"https:\/\/studypeak.ch\/#\/schema\/logo\/image\/\"}}]}<\/script>\n<!-- \/ Yoast SEO plugin. -->","yoast_head_json":{"title":"Pr\u00e9paration aux examens - R\u00e9ussir | studypeak","description":"R\u00e9ussir gr\u00e2ce \u00e0 une pr\u00e9paration cibl\u00e9e aux examens ! Soutien pour la pr\u00e9paration au gymnase, le multicheck, le Stellwerktest et bien plus en Suisse. En savoir plus !","robots":{"index":"index","follow":"follow","max-snippet":"max-snippet:-1","max-image-preview":"max-image-preview:large","max-video-preview":"max-video-preview:-1"},"canonical":"https:\/\/studypeak.ch\/fr\/pruefungsvorbereitung\/","og_locale":"fr_FR","og_type":"article","og_title":"Pr\u00fcfungsvorbereitung \u2013 Erfolgreich bestehen | studypeak","og_description":"Mit gezielter Pr\u00fcfungsvorbereitung zum Erfolg! Unterst\u00fctzung f\u00fcr Gymi-Vorbereitung, Multicheck, Stellwerktest & mehr in der Schweiz. Erfahre mehr!","og_url":"https:\/\/studypeak.ch\/fr\/pruefungsvorbereitung\/","og_site_name":"studypeak","article_modified_time":"2025-11-28T09:56:25+00:00","og_image":[{"width":1200,"height":630,"url":"https:\/\/studypeak.ch\/wp-content\/uploads\/2025\/04\/Studypeak-Logo-SEO.png","type":"image\/png"}],"twitter_card":"summary_large_image","twitter_misc":{"Dur\u00e9e de lecture estim\u00e9e":"3 minutes"},"schema":{"@context":"https:\/\/schema.org","@graph":[{"@type":"WebPage","@id":"https:\/\/studypeak.ch\/pruefungsvorbereitung\/","url":"https:\/\/studypeak.ch\/pruefungsvorbereitung\/","name":"Pr\u00e9paration aux examens - R\u00e9ussir | studypeak","isPartOf":{"@id":"https:\/\/studypeak.ch\/#website"},"datePublished":"2024-10-30T18:21:14+00:00","dateModified":"2025-11-28T09:56:25+00:00","description":"R\u00e9ussir gr\u00e2ce \u00e0 une pr\u00e9paration cibl\u00e9e aux examens ! Soutien pour la pr\u00e9paration au gymnase, le multicheck, le Stellwerktest et bien plus en Suisse. En savoir plus !","breadcrumb":{"@id":"https:\/\/studypeak.ch\/pruefungsvorbereitung\/#breadcrumb"},"inLanguage":"fr-FR","potentialAction":[{"@type":"ReadAction","target":["https:\/\/studypeak.ch\/pruefungsvorbereitung\/"]}]},{"@type":"BreadcrumbList","@id":"https:\/\/studypeak.ch\/pruefungsvorbereitung\/#breadcrumb","itemListElement":[{"@type":"ListItem","position":1,"name":"Home","item":"https:\/\/studypeak.ch\/"},{"@type":"ListItem","position":2,"name":"Pr\u00fcfungsvorbereitung"}]},{"@type":"WebSite","@id":"https:\/\/studypeak.ch\/#website","url":"https:\/\/studypeak.ch\/","name":"studypeak","description":"studypeak","publisher":{"@id":"https:\/\/studypeak.ch\/#organization"},"potentialAction":[{"@type":"SearchAction","target":{"@type":"EntryPoint","urlTemplate":"https:\/\/studypeak.ch\/?s={search_term_string}"},"query-input":{"@type":"PropertyValueSpecification","valueRequired":true,"valueName":"search_term_string"}}],"inLanguage":"fr-FR"},{"@type":"Organization","@id":"https:\/\/studypeak.ch\/#organization","name":"studypeak","url":"https:\/\/studypeak.ch\/","logo":{"@type":"ImageObject","inLanguage":"fr-FR","@id":"https:\/\/studypeak.ch\/#\/schema\/logo\/image\/","url":"https:\/\/studypeak.ch\/wp-content\/uploads\/2024\/10\/studypeak-logo.svg","contentUrl":"https:\/\/studypeak.ch\/wp-content\/uploads\/2024\/10\/studypeak-logo.svg","caption":"studypeak"},"image":{"@id":"https:\/\/studypeak.ch\/#\/schema\/logo\/image\/"}}]}},"jetpack_sharing_enabled":true,"_links":{"self":[{"href":"https:\/\/studypeak.ch\/fr\/wp-json\/wp\/v2\/pages\/21305","targetHints":{"allow":["GET"]}}],"collection":[{"href":"https:\/\/studypeak.ch\/fr\/wp-json\/wp\/v2\/pages"}],"about":[{"href":"https:\/\/studypeak.ch\/fr\/wp-json\/wp\/v2\/types\/page"}],"author":[{"embeddable":true,"href":"https:\/\/studypeak.ch\/fr\/wp-json\/wp\/v2\/users\/1"}],"replies":[{"embeddable":true,"href":"https:\/\/studypeak.ch\/fr\/wp-json\/wp\/v2\/comments?post=21305"}],"version-history":[{"count":95,"href":"https:\/\/studypeak.ch\/fr\/wp-json\/wp\/v2\/pages\/21305\/revisions"}],"predecessor-version":[{"id":126924,"href":"https:\/\/studypeak.ch\/fr\/wp-json\/wp\/v2\/pages\/21305\/revisions\/126924"}],"wp:attachment":[{"href":"https:\/\/studypeak.ch\/fr\/wp-json\/wp\/v2\/media?parent=21305"}],"curies":[{"name":"wp","href":"https:\/\/api.w.org\/{rel}","templated":true}]}}