{"id":22181,"date":"2024-11-04T20:51:29","date_gmt":"2024-11-04T20:51:29","guid":{"rendered":"http:\/\/studypeak.ch\/?page_id=22181"},"modified":"2026-03-30T12:55:11","modified_gmt":"2026-03-30T10:55:11","slug":"ueber-uns","status":"publish","type":"page","link":"https:\/\/studypeak.ch\/fr\/ueber-uns\/","title":{"rendered":"\u00c0 propos de nous"},"content":{"rendered":"","protected":false},"excerpt":{"rendered":"","protected":false},"author":1,"featured_media":0,"parent":0,"menu_order":0,"comment_status":"closed","ping_status":"closed","template":"","meta":{"footnotes":""},"class_list":["post-22181","page","type-page","status-publish","hentry"],"acf":[],"yoast_head":"<!-- This site is optimized with the Yoast SEO plugin v26.5 - https:\/\/yoast.com\/wordpress\/plugins\/seo\/ -->\n<title>\u00dcber Uns - Experten f\u00fcr Pr\u00fcfungsvorbereitung | studypeak<\/title>\n<meta name=\"description\" content=\"Lerne das Team hinter studypeak kennen! Wir bieten massgeschneiderte Pr\u00fcfungsvorbereitung und unterst\u00fctzen dich mit bew\u00e4hrten Methoden f\u00fcr deinen Erfolg.\" \/>\n<meta name=\"robots\" content=\"index, follow, max-snippet:-1, max-image-preview:large, max-video-preview:-1\" \/>\n<link rel=\"canonical\" href=\"https:\/\/studypeak.ch\/fr\/ueber-uns\/\" \/>\n<meta property=\"og:locale\" content=\"fr_FR\" \/>\n<meta property=\"og:type\" content=\"article\" \/>\n<meta property=\"og:title\" content=\"\u00dcber Uns - Experten f\u00fcr Pr\u00fcfungsvorbereitung | studypeak\" \/>\n<meta property=\"og:description\" content=\"Lerne das Team hinter studypeak kennen! Wir bieten massgeschneiderte Pr\u00fcfungsvorbereitung und unterst\u00fctzen dich mit bew\u00e4hrten Methoden f\u00fcr deinen Erfolg.\" \/>\n<meta property=\"og:url\" content=\"https:\/\/studypeak.ch\/fr\/ueber-uns\/\" \/>\n<meta property=\"og:site_name\" content=\"studypeak\" \/>\n<meta property=\"article:modified_time\" content=\"2026-03-30T10:55:11+00:00\" \/>\n<meta property=\"og:image\" content=\"https:\/\/studypeak.ch\/wp-content\/uploads\/2025\/04\/Studypeak-Logo-SEO.png\" \/>\n\t<meta property=\"og:image:width\" content=\"1200\" \/>\n\t<meta property=\"og:image:height\" content=\"630\" \/>\n\t<meta property=\"og:image:type\" content=\"image\/png\" \/>\n<meta name=\"twitter:card\" content=\"summary_large_image\" \/>\n<meta name=\"twitter:label1\" content=\"Dur\u00e9e de lecture estim\u00e9e\" \/>\n\t<meta name=\"twitter:data1\" content=\"20 minutes\" \/>\n<script type=\"application\/ld+json\" class=\"yoast-schema-graph\">{\"@context\":\"https:\/\/schema.org\",\"@graph\":[{\"@type\":\"WebPage\",\"@id\":\"https:\/\/studypeak.ch\/ueber-uns\/\",\"url\":\"https:\/\/studypeak.ch\/ueber-uns\/\",\"name\":\"\u00dcber Uns - Experten f\u00fcr Pr\u00fcfungsvorbereitung | studypeak\",\"isPartOf\":{\"@id\":\"https:\/\/studypeak.ch\/#website\"},\"datePublished\":\"2024-11-04T20:51:29+00:00\",\"dateModified\":\"2026-03-30T10:55:11+00:00\",\"description\":\"Lerne das Team hinter studypeak kennen! Wir bieten massgeschneiderte Pr\u00fcfungsvorbereitung und unterst\u00fctzen dich mit bew\u00e4hrten Methoden f\u00fcr deinen Erfolg.\",\"breadcrumb\":{\"@id\":\"https:\/\/studypeak.ch\/ueber-uns\/#breadcrumb\"},\"inLanguage\":\"fr-FR\",\"potentialAction\":[{\"@type\":\"ReadAction\",\"target\":[\"https:\/\/studypeak.ch\/ueber-uns\/\"]}]},{\"@type\":\"BreadcrumbList\",\"@id\":\"https:\/\/studypeak.ch\/ueber-uns\/#breadcrumb\",\"itemListElement\":[{\"@type\":\"ListItem\",\"position\":1,\"name\":\"Home\",\"item\":\"https:\/\/studypeak.ch\/\"},{\"@type\":\"ListItem\",\"position\":2,\"name\":\"\u00dcber uns\"}]},{\"@type\":\"WebSite\",\"@id\":\"https:\/\/studypeak.ch\/#website\",\"url\":\"https:\/\/studypeak.ch\/\",\"name\":\"studypeak\",\"description\":\"studypeak\",\"publisher\":{\"@id\":\"https:\/\/studypeak.ch\/#organization\"},\"potentialAction\":[{\"@type\":\"SearchAction\",\"target\":{\"@type\":\"EntryPoint\",\"urlTemplate\":\"https:\/\/studypeak.ch\/?s={search_term_string}\"},\"query-input\":{\"@type\":\"PropertyValueSpecification\",\"valueRequired\":true,\"valueName\":\"search_term_string\"}}],\"inLanguage\":\"fr-FR\"},{\"@type\":\"Organization\",\"@id\":\"https:\/\/studypeak.ch\/#organization\",\"name\":\"studypeak\",\"url\":\"https:\/\/studypeak.ch\/\",\"logo\":{\"@type\":\"ImageObject\",\"inLanguage\":\"fr-FR\",\"@id\":\"https:\/\/studypeak.ch\/#\/schema\/logo\/image\/\",\"url\":\"https:\/\/studypeak.ch\/wp-content\/uploads\/2024\/10\/studypeak-logo.svg\",\"contentUrl\":\"https:\/\/studypeak.ch\/wp-content\/uploads\/2024\/10\/studypeak-logo.svg\",\"caption\":\"studypeak\"},\"image\":{\"@id\":\"https:\/\/studypeak.ch\/#\/schema\/logo\/image\/\"}}]}<\/script>\n<!-- \/ Yoast SEO plugin. -->","yoast_head_json":{"title":"\u00c0 propos de nous - Experts en pr\u00e9paration d'examens | studypeak","description":"Fais la connaissance de l&#039;\u00e9quipe qui se cache derri\u00e8re studypeak ! Nous proposons une pr\u00e9paration aux examens sur mesure et t&#039;aidons \u00e0 r\u00e9ussir gr\u00e2ce \u00e0 des m\u00e9thodes \u00e9prouv\u00e9es.","robots":{"index":"index","follow":"follow","max-snippet":"max-snippet:-1","max-image-preview":"max-image-preview:large","max-video-preview":"max-video-preview:-1"},"canonical":"https:\/\/studypeak.ch\/fr\/ueber-uns\/","og_locale":"fr_FR","og_type":"article","og_title":"\u00dcber Uns - Experten f\u00fcr Pr\u00fcfungsvorbereitung | studypeak","og_description":"Lerne das Team hinter studypeak kennen! Wir bieten massgeschneiderte Pr\u00fcfungsvorbereitung und unterst\u00fctzen dich mit bew\u00e4hrten Methoden f\u00fcr deinen Erfolg.","og_url":"https:\/\/studypeak.ch\/fr\/ueber-uns\/","og_site_name":"studypeak","article_modified_time":"2026-03-30T10:55:11+00:00","og_image":[{"width":1200,"height":630,"url":"https:\/\/studypeak.ch\/wp-content\/uploads\/2025\/04\/Studypeak-Logo-SEO.png","type":"image\/png"}],"twitter_card":"summary_large_image","twitter_misc":{"Dur\u00e9e de lecture estim\u00e9e":"20 minutes"},"schema":{"@context":"https:\/\/schema.org","@graph":[{"@type":"WebPage","@id":"https:\/\/studypeak.ch\/ueber-uns\/","url":"https:\/\/studypeak.ch\/ueber-uns\/","name":"\u00c0 propos de nous - Experts en pr\u00e9paration d'examens | studypeak","isPartOf":{"@id":"https:\/\/studypeak.ch\/#website"},"datePublished":"2024-11-04T20:51:29+00:00","dateModified":"2026-03-30T10:55:11+00:00","description":"Fais la connaissance de l&#039;\u00e9quipe qui se cache derri\u00e8re studypeak ! Nous proposons une pr\u00e9paration aux examens sur mesure et t&#039;aidons \u00e0 r\u00e9ussir gr\u00e2ce \u00e0 des m\u00e9thodes \u00e9prouv\u00e9es.","breadcrumb":{"@id":"https:\/\/studypeak.ch\/ueber-uns\/#breadcrumb"},"inLanguage":"fr-FR","potentialAction":[{"@type":"ReadAction","target":["https:\/\/studypeak.ch\/ueber-uns\/"]}]},{"@type":"BreadcrumbList","@id":"https:\/\/studypeak.ch\/ueber-uns\/#breadcrumb","itemListElement":[{"@type":"ListItem","position":1,"name":"Home","item":"https:\/\/studypeak.ch\/"},{"@type":"ListItem","position":2,"name":"\u00dcber uns"}]},{"@type":"WebSite","@id":"https:\/\/studypeak.ch\/#website","url":"https:\/\/studypeak.ch\/","name":"studypeak","description":"studypeak","publisher":{"@id":"https:\/\/studypeak.ch\/#organization"},"potentialAction":[{"@type":"SearchAction","target":{"@type":"EntryPoint","urlTemplate":"https:\/\/studypeak.ch\/?s={search_term_string}"},"query-input":{"@type":"PropertyValueSpecification","valueRequired":true,"valueName":"search_term_string"}}],"inLanguage":"fr-FR"},{"@type":"Organization","@id":"https:\/\/studypeak.ch\/#organization","name":"studypeak","url":"https:\/\/studypeak.ch\/","logo":{"@type":"ImageObject","inLanguage":"fr-FR","@id":"https:\/\/studypeak.ch\/#\/schema\/logo\/image\/","url":"https:\/\/studypeak.ch\/wp-content\/uploads\/2024\/10\/studypeak-logo.svg","contentUrl":"https:\/\/studypeak.ch\/wp-content\/uploads\/2024\/10\/studypeak-logo.svg","caption":"studypeak"},"image":{"@id":"https:\/\/studypeak.ch\/#\/schema\/logo\/image\/"}}]}},"jetpack_sharing_enabled":true,"_links":{"self":[{"href":"https:\/\/studypeak.ch\/fr\/wp-json\/wp\/v2\/pages\/22181","targetHints":{"allow":["GET"]}}],"collection":[{"href":"https:\/\/studypeak.ch\/fr\/wp-json\/wp\/v2\/pages"}],"about":[{"href":"https:\/\/studypeak.ch\/fr\/wp-json\/wp\/v2\/types\/page"}],"author":[{"embeddable":true,"href":"https:\/\/studypeak.ch\/fr\/wp-json\/wp\/v2\/users\/1"}],"replies":[{"embeddable":true,"href":"https:\/\/studypeak.ch\/fr\/wp-json\/wp\/v2\/comments?post=22181"}],"version-history":[{"count":100,"href":"https:\/\/studypeak.ch\/fr\/wp-json\/wp\/v2\/pages\/22181\/revisions"}],"predecessor-version":[{"id":138414,"href":"https:\/\/studypeak.ch\/fr\/wp-json\/wp\/v2\/pages\/22181\/revisions\/138414"}],"wp:attachment":[{"href":"https:\/\/studypeak.ch\/fr\/wp-json\/wp\/v2\/media?parent=22181"}],"curies":[{"name":"wp","href":"https:\/\/api.w.org\/{rel}","templated":true}]}}