{"id":24515,"date":"2024-11-29T11:49:25","date_gmt":"2024-11-29T11:49:25","guid":{"rendered":"http:\/\/studypeak.ch\/ims-kurse-copy\/"},"modified":"2026-04-01T10:50:46","modified_gmt":"2026-04-01T08:50:46","slug":"multicheck-kurse","status":"publish","type":"page","link":"https:\/\/studypeak.ch\/fr\/multicheck-kurse\/","title":{"rendered":"Multicheck Kurse"},"content":{"rendered":"","protected":false},"excerpt":{"rendered":"","protected":false},"author":1,"featured_media":0,"parent":0,"menu_order":0,"comment_status":"closed","ping_status":"closed","template":"","meta":{"footnotes":""},"class_list":["post-24515","page","type-page","status-publish","hentry"],"acf":[],"yoast_head":"<!-- This site is optimized with the Yoast SEO plugin v26.5 - https:\/\/yoast.com\/wordpress\/plugins\/seo\/ -->\n<title>Multicheck Kurs vor Ort in Z\u00fcrich &amp; K\u00fcsnacht | studypeak<\/title>\n<meta name=\"description\" content=\"Starte deinen Multicheck Kurs in Z\u00fcrich und K\u00fcsnacht. Vor Ort lernen, gezielt vorbereiten und mit Sicherheit in die Pr\u00fcfung gehen \u2013 mit studypeak.\" \/>\n<meta name=\"robots\" content=\"index, follow, max-snippet:-1, max-image-preview:large, max-video-preview:-1\" \/>\n<link rel=\"canonical\" href=\"https:\/\/studypeak.ch\/fr\/multicheck-kurse\/\" \/>\n<meta property=\"og:locale\" content=\"fr_FR\" \/>\n<meta property=\"og:type\" content=\"article\" \/>\n<meta property=\"og:title\" content=\"Multicheck Kurs vor Ort in Z\u00fcrich &amp; K\u00fcsnacht | studypeak\" \/>\n<meta property=\"og:description\" content=\"Starte deinen Multicheck Kurs in Z\u00fcrich und K\u00fcsnacht. Vor Ort lernen, gezielt vorbereiten und mit Sicherheit in die Pr\u00fcfung gehen \u2013 mit studypeak.\" \/>\n<meta property=\"og:url\" content=\"https:\/\/studypeak.ch\/fr\/multicheck-kurse\/\" \/>\n<meta property=\"og:site_name\" content=\"studypeak\" \/>\n<meta property=\"article:modified_time\" content=\"2026-04-01T08:50:46+00:00\" \/>\n<meta property=\"og:image\" content=\"https:\/\/studypeak.ch\/wp-content\/uploads\/2025\/04\/Studypeak-Logo-SEO.png\" \/>\n\t<meta property=\"og:image:width\" content=\"1200\" \/>\n\t<meta property=\"og:image:height\" content=\"630\" \/>\n\t<meta property=\"og:image:type\" content=\"image\/png\" \/>\n<meta name=\"twitter:card\" content=\"summary_large_image\" \/>\n<meta name=\"twitter:label1\" content=\"Dur\u00e9e de lecture estim\u00e9e\" \/>\n\t<meta name=\"twitter:data1\" content=\"16 minutes\" \/>\n<script type=\"application\/ld+json\" class=\"yoast-schema-graph\">{\"@context\":\"https:\/\/schema.org\",\"@graph\":[{\"@type\":\"WebPage\",\"@id\":\"https:\/\/studypeak.ch\/multicheck-kurse\/\",\"url\":\"https:\/\/studypeak.ch\/multicheck-kurse\/\",\"name\":\"Multicheck Kurs vor Ort in Z\u00fcrich & K\u00fcsnacht | studypeak\",\"isPartOf\":{\"@id\":\"https:\/\/studypeak.ch\/#website\"},\"datePublished\":\"2024-11-29T11:49:25+00:00\",\"dateModified\":\"2026-04-01T08:50:46+00:00\",\"description\":\"Starte deinen Multicheck Kurs in Z\u00fcrich und K\u00fcsnacht. Vor Ort lernen, gezielt vorbereiten und mit Sicherheit in die Pr\u00fcfung gehen \u2013 mit studypeak.\",\"breadcrumb\":{\"@id\":\"https:\/\/studypeak.ch\/multicheck-kurse\/#breadcrumb\"},\"inLanguage\":\"fr-FR\",\"potentialAction\":[{\"@type\":\"ReadAction\",\"target\":[\"https:\/\/studypeak.ch\/multicheck-kurse\/\"]}]},{\"@type\":\"BreadcrumbList\",\"@id\":\"https:\/\/studypeak.ch\/multicheck-kurse\/#breadcrumb\",\"itemListElement\":[{\"@type\":\"ListItem\",\"position\":1,\"name\":\"Home\",\"item\":\"https:\/\/studypeak.ch\/\"},{\"@type\":\"ListItem\",\"position\":2,\"name\":\"Multicheck Kurse\"}]},{\"@type\":\"WebSite\",\"@id\":\"https:\/\/studypeak.ch\/#website\",\"url\":\"https:\/\/studypeak.ch\/\",\"name\":\"studypeak\",\"description\":\"studypeak\",\"publisher\":{\"@id\":\"https:\/\/studypeak.ch\/#organization\"},\"potentialAction\":[{\"@type\":\"SearchAction\",\"target\":{\"@type\":\"EntryPoint\",\"urlTemplate\":\"https:\/\/studypeak.ch\/?s={search_term_string}\"},\"query-input\":{\"@type\":\"PropertyValueSpecification\",\"valueRequired\":true,\"valueName\":\"search_term_string\"}}],\"inLanguage\":\"fr-FR\"},{\"@type\":\"Organization\",\"@id\":\"https:\/\/studypeak.ch\/#organization\",\"name\":\"studypeak\",\"url\":\"https:\/\/studypeak.ch\/\",\"logo\":{\"@type\":\"ImageObject\",\"inLanguage\":\"fr-FR\",\"@id\":\"https:\/\/studypeak.ch\/#\/schema\/logo\/image\/\",\"url\":\"https:\/\/studypeak.ch\/wp-content\/uploads\/2024\/10\/studypeak-logo.svg\",\"contentUrl\":\"https:\/\/studypeak.ch\/wp-content\/uploads\/2024\/10\/studypeak-logo.svg\",\"caption\":\"studypeak\"},\"image\":{\"@id\":\"https:\/\/studypeak.ch\/#\/schema\/logo\/image\/\"}}]}<\/script>\n<!-- \/ Yoast SEO plugin. -->","yoast_head_json":{"title":"Multicheck Kurs vor Ort in Z\u00fcrich & K\u00fcsnacht | studypeak","description":"Starte deinen Multicheck Kurs in Z\u00fcrich und K\u00fcsnacht. Vor Ort lernen, gezielt vorbereiten und mit Sicherheit in die Pr\u00fcfung gehen \u2013 mit studypeak.","robots":{"index":"index","follow":"follow","max-snippet":"max-snippet:-1","max-image-preview":"max-image-preview:large","max-video-preview":"max-video-preview:-1"},"canonical":"https:\/\/studypeak.ch\/fr\/multicheck-kurse\/","og_locale":"fr_FR","og_type":"article","og_title":"Multicheck Kurs vor Ort in Z\u00fcrich & K\u00fcsnacht | studypeak","og_description":"Starte deinen Multicheck Kurs in Z\u00fcrich und K\u00fcsnacht. Vor Ort lernen, gezielt vorbereiten und mit Sicherheit in die Pr\u00fcfung gehen \u2013 mit studypeak.","og_url":"https:\/\/studypeak.ch\/fr\/multicheck-kurse\/","og_site_name":"studypeak","article_modified_time":"2026-04-01T08:50:46+00:00","og_image":[{"width":1200,"height":630,"url":"https:\/\/studypeak.ch\/wp-content\/uploads\/2025\/04\/Studypeak-Logo-SEO.png","type":"image\/png"}],"twitter_card":"summary_large_image","twitter_misc":{"Dur\u00e9e de lecture estim\u00e9e":"16 minutes"},"schema":{"@context":"https:\/\/schema.org","@graph":[{"@type":"WebPage","@id":"https:\/\/studypeak.ch\/multicheck-kurse\/","url":"https:\/\/studypeak.ch\/multicheck-kurse\/","name":"Multicheck Kurs vor Ort in Z\u00fcrich & K\u00fcsnacht | studypeak","isPartOf":{"@id":"https:\/\/studypeak.ch\/#website"},"datePublished":"2024-11-29T11:49:25+00:00","dateModified":"2026-04-01T08:50:46+00:00","description":"Starte deinen Multicheck Kurs in Z\u00fcrich und K\u00fcsnacht. Vor Ort lernen, gezielt vorbereiten und mit Sicherheit in die Pr\u00fcfung gehen \u2013 mit studypeak.","breadcrumb":{"@id":"https:\/\/studypeak.ch\/multicheck-kurse\/#breadcrumb"},"inLanguage":"fr-FR","potentialAction":[{"@type":"ReadAction","target":["https:\/\/studypeak.ch\/multicheck-kurse\/"]}]},{"@type":"BreadcrumbList","@id":"https:\/\/studypeak.ch\/multicheck-kurse\/#breadcrumb","itemListElement":[{"@type":"ListItem","position":1,"name":"Home","item":"https:\/\/studypeak.ch\/"},{"@type":"ListItem","position":2,"name":"Multicheck Kurse"}]},{"@type":"WebSite","@id":"https:\/\/studypeak.ch\/#website","url":"https:\/\/studypeak.ch\/","name":"studypeak","description":"studypeak","publisher":{"@id":"https:\/\/studypeak.ch\/#organization"},"potentialAction":[{"@type":"SearchAction","target":{"@type":"EntryPoint","urlTemplate":"https:\/\/studypeak.ch\/?s={search_term_string}"},"query-input":{"@type":"PropertyValueSpecification","valueRequired":true,"valueName":"search_term_string"}}],"inLanguage":"fr-FR"},{"@type":"Organization","@id":"https:\/\/studypeak.ch\/#organization","name":"studypeak","url":"https:\/\/studypeak.ch\/","logo":{"@type":"ImageObject","inLanguage":"fr-FR","@id":"https:\/\/studypeak.ch\/#\/schema\/logo\/image\/","url":"https:\/\/studypeak.ch\/wp-content\/uploads\/2024\/10\/studypeak-logo.svg","contentUrl":"https:\/\/studypeak.ch\/wp-content\/uploads\/2024\/10\/studypeak-logo.svg","caption":"studypeak"},"image":{"@id":"https:\/\/studypeak.ch\/#\/schema\/logo\/image\/"}}]}},"jetpack_sharing_enabled":true,"_links":{"self":[{"href":"https:\/\/studypeak.ch\/fr\/wp-json\/wp\/v2\/pages\/24515","targetHints":{"allow":["GET"]}}],"collection":[{"href":"https:\/\/studypeak.ch\/fr\/wp-json\/wp\/v2\/pages"}],"about":[{"href":"https:\/\/studypeak.ch\/fr\/wp-json\/wp\/v2\/types\/page"}],"author":[{"embeddable":true,"href":"https:\/\/studypeak.ch\/fr\/wp-json\/wp\/v2\/users\/1"}],"replies":[{"embeddable":true,"href":"https:\/\/studypeak.ch\/fr\/wp-json\/wp\/v2\/comments?post=24515"}],"version-history":[{"count":100,"href":"https:\/\/studypeak.ch\/fr\/wp-json\/wp\/v2\/pages\/24515\/revisions"}],"predecessor-version":[{"id":138491,"href":"https:\/\/studypeak.ch\/fr\/wp-json\/wp\/v2\/pages\/24515\/revisions\/138491"}],"wp:attachment":[{"href":"https:\/\/studypeak.ch\/fr\/wp-json\/wp\/v2\/media?parent=24515"}],"curies":[{"name":"wp","href":"https:\/\/api.w.org\/{rel}","templated":true}]}}