{"id":6190,"date":"2025-01-27T14:38:42","date_gmt":"2025-01-27T14:38:42","guid":{"rendered":"http:\/\/studypeak.ch\/impressum\/"},"modified":"2025-11-14T07:13:55","modified_gmt":"2025-11-14T06:13:55","slug":"impressum","status":"publish","type":"page","link":"https:\/\/studypeak.ch\/fr\/impressum\/","title":{"rendered":"Mentions l\u00e9gales"},"content":{"rendered":"<h1>Mentions l\u00e9gales <b>studypeaks<\/b><\/h1>\n<h3><b>Kontaktadresse<\/b><\/h3>\n<p>StudyPeak GmbH<br \/>\nc\/o Bratschi AG<br \/>\nGubelstrasse 11<br \/>\n6300 Zoug<\/p>\n<p>Vorsitzender der Gesch\u00e4ftsleitung: <strong>William N\u00fcesch<\/strong><\/p>\n<p><strong>Mail:<\/strong> info@studypeak.ch<\/p>\n<h3><b>Handelsregistereintrag<\/b><\/h3>\n<p>StudyPeak GmbH<br \/>\nCHE-217.892.549<\/p>\n<h3><b>Haftungsausschluss<\/b><\/h3>\n<p>Der Autor \u00fcbernimmt keinerlei Gew\u00e4hr f\u00fcr die Richtigkeit, Genauigkeit, Aktualit\u00e4t, Zuverl\u00e4ssigkeit und Vollst\u00e4ndigkeit der bereitgestellten Informationen.<br \/>\nHaftungsanspr\u00fcche gegen den Autor wegen Sch\u00e4den materieller oder immaterieller Art, welche aus dem Zugriff oder der Nutzung bzw. Nichtnutzung der ver\u00f6ffentlichten Informationen, durch Missbrauch der Verbindung oder durch technische St\u00f6rungen entstanden sind, werden ausgeschlossen. Alle Angebote sind freibleibend. Der Autor beh\u00e4lt es sich ausdr\u00fccklich vor, Teile der Seiten oder das gesamte Angebot ohne gesonderte Ank\u00fcndigung zu ver\u00e4ndern, zu erg\u00e4nzen, zu l\u00f6schen oder die Ver\u00f6ffentlichung zeitweise oder endg\u00fcltig einzustellen.<\/p>\n<h3><b>Haftung f\u00fcr Links<\/b><\/h3>\n<p>Les renvois et liens vers des sites internet de tiers ne rel\u00e8vent pas de notre responsabilit\u00e9. Nous d\u00e9clinons toute responsabilit\u00e9 pour de tels sites. L'acc\u00e8s \u00e0 ces sites et leur utilisation se font aux risques de l'utilisateur.<\/p>\n<h3><b>Urheberrechte<\/b><\/h3>\n<p>Les droits d'auteur et tous les autres droits li\u00e9s aux contenus, images, photos ou autres fichiers pr\u00e9sents sur le site internet appartiennent exclusivement \u00e0 StudyPeak GmbH ou aux titulaires de droits sp\u00e9cialement cit\u00e9s. La reproduction de tout \u00e9l\u00e9ment doit faire l'objet d'une autorisation \u00e9crite pr\u00e9alable du d\u00e9tenteur des droits d'auteur.<\/p>","protected":false},"excerpt":{"rendered":"<p>Impressum studypeaks Kontaktadresse StudyPeak GmbH c\/o Bratschi AG Gubelstrasse 11 6300 Zug Vorsitzender der Gesch\u00e4ftsleitung: William N\u00fcesch Mail: info@studypeak.ch Handelsregistereintrag StudyPeak GmbH CHE-217.892.549 Haftungsausschluss Der Autor \u00fcbernimmt keinerlei Gew\u00e4hr f\u00fcr die Richtigkeit, Genauigkeit, Aktualit\u00e4t, Zuverl\u00e4ssigkeit und Vollst\u00e4ndigkeit der bereitgestellten Informationen. Haftungsanspr\u00fcche gegen den Autor wegen Sch\u00e4den materieller oder immaterieller Art, welche aus dem Zugriff oder [&hellip;]<\/p>","protected":false},"author":1,"featured_media":0,"parent":0,"menu_order":0,"comment_status":"closed","ping_status":"closed","template":"","meta":{"footnotes":""},"class_list":["post-6190","page","type-page","status-publish","hentry"],"acf":[],"yoast_head":"<!-- This site is optimized with the Yoast SEO plugin v26.5 - https:\/\/yoast.com\/wordpress\/plugins\/seo\/ -->\n<title>Impressum |\u00a0studypeak<\/title>\n<meta name=\"description\" content=\"Finde alle rechtlichen Informationen und Kontaktdaten von studypeak auf unserer Impressum-Seite.\" \/>\n<meta name=\"robots\" content=\"index, follow, max-snippet:-1, max-image-preview:large, max-video-preview:-1\" \/>\n<link rel=\"canonical\" href=\"https:\/\/studypeak.ch\/fr\/impressum\/\" \/>\n<meta property=\"og:locale\" content=\"fr_FR\" \/>\n<meta property=\"og:type\" content=\"article\" \/>\n<meta property=\"og:title\" content=\"Impressum |\u00a0studypeak\" \/>\n<meta property=\"og:description\" content=\"Finde alle rechtlichen Informationen und Kontaktdaten von studypeak auf unserer Impressum-Seite.\" \/>\n<meta property=\"og:url\" content=\"https:\/\/studypeak.ch\/fr\/impressum\/\" \/>\n<meta property=\"og:site_name\" content=\"studypeak\" \/>\n<meta property=\"article:modified_time\" content=\"2025-11-14T06:13:55+00:00\" \/>\n<meta property=\"og:image\" content=\"https:\/\/studypeak.ch\/wp-content\/uploads\/2025\/04\/Studypeak-Logo-SEO.png\" \/>\n\t<meta property=\"og:image:width\" content=\"1200\" \/>\n\t<meta property=\"og:image:height\" content=\"630\" \/>\n\t<meta property=\"og:image:type\" content=\"image\/png\" \/>\n<meta name=\"twitter:card\" content=\"summary_large_image\" \/>\n<meta name=\"twitter:label1\" content=\"Dur\u00e9e de lecture estim\u00e9e\" \/>\n\t<meta name=\"twitter:data1\" content=\"2 minutes\" \/>\n<script type=\"application\/ld+json\" class=\"yoast-schema-graph\">{\"@context\":\"https:\/\/schema.org\",\"@graph\":[{\"@type\":\"WebPage\",\"@id\":\"https:\/\/studypeak.ch\/impressum\/\",\"url\":\"https:\/\/studypeak.ch\/impressum\/\",\"name\":\"Impressum |\u00a0studypeak\",\"isPartOf\":{\"@id\":\"https:\/\/studypeak.ch\/#website\"},\"datePublished\":\"2025-01-27T14:38:42+00:00\",\"dateModified\":\"2025-11-14T06:13:55+00:00\",\"description\":\"Finde alle rechtlichen Informationen und Kontaktdaten von studypeak auf unserer Impressum-Seite.\",\"breadcrumb\":{\"@id\":\"https:\/\/studypeak.ch\/impressum\/#breadcrumb\"},\"inLanguage\":\"fr-FR\",\"potentialAction\":[{\"@type\":\"ReadAction\",\"target\":[\"https:\/\/studypeak.ch\/impressum\/\"]}]},{\"@type\":\"BreadcrumbList\",\"@id\":\"https:\/\/studypeak.ch\/impressum\/#breadcrumb\",\"itemListElement\":[{\"@type\":\"ListItem\",\"position\":1,\"name\":\"Home\",\"item\":\"https:\/\/studypeak.ch\/\"},{\"@type\":\"ListItem\",\"position\":2,\"name\":\"Impressum\"}]},{\"@type\":\"WebSite\",\"@id\":\"https:\/\/studypeak.ch\/#website\",\"url\":\"https:\/\/studypeak.ch\/\",\"name\":\"studypeak\",\"description\":\"studypeak\",\"publisher\":{\"@id\":\"https:\/\/studypeak.ch\/#organization\"},\"potentialAction\":[{\"@type\":\"SearchAction\",\"target\":{\"@type\":\"EntryPoint\",\"urlTemplate\":\"https:\/\/studypeak.ch\/?s={search_term_string}\"},\"query-input\":{\"@type\":\"PropertyValueSpecification\",\"valueRequired\":true,\"valueName\":\"search_term_string\"}}],\"inLanguage\":\"fr-FR\"},{\"@type\":\"Organization\",\"@id\":\"https:\/\/studypeak.ch\/#organization\",\"name\":\"studypeak\",\"url\":\"https:\/\/studypeak.ch\/\",\"logo\":{\"@type\":\"ImageObject\",\"inLanguage\":\"fr-FR\",\"@id\":\"https:\/\/studypeak.ch\/#\/schema\/logo\/image\/\",\"url\":\"https:\/\/studypeak.ch\/wp-content\/uploads\/2024\/10\/studypeak-logo.svg\",\"contentUrl\":\"https:\/\/studypeak.ch\/wp-content\/uploads\/2024\/10\/studypeak-logo.svg\",\"caption\":\"studypeak\"},\"image\":{\"@id\":\"https:\/\/studypeak.ch\/#\/schema\/logo\/image\/\"}}]}<\/script>\n<!-- \/ Yoast SEO plugin. -->","yoast_head_json":{"title":"Impressum |\u00a0studypeak","description":"Finde alle rechtlichen Informationen und Kontaktdaten von studypeak auf unserer Impressum-Seite.","robots":{"index":"index","follow":"follow","max-snippet":"max-snippet:-1","max-image-preview":"max-image-preview:large","max-video-preview":"max-video-preview:-1"},"canonical":"https:\/\/studypeak.ch\/fr\/impressum\/","og_locale":"fr_FR","og_type":"article","og_title":"Impressum |\u00a0studypeak","og_description":"Finde alle rechtlichen Informationen und Kontaktdaten von studypeak auf unserer Impressum-Seite.","og_url":"https:\/\/studypeak.ch\/fr\/impressum\/","og_site_name":"studypeak","article_modified_time":"2025-11-14T06:13:55+00:00","og_image":[{"width":1200,"height":630,"url":"https:\/\/studypeak.ch\/wp-content\/uploads\/2025\/04\/Studypeak-Logo-SEO.png","type":"image\/png"}],"twitter_card":"summary_large_image","twitter_misc":{"Dur\u00e9e de lecture estim\u00e9e":"2 minutes"},"schema":{"@context":"https:\/\/schema.org","@graph":[{"@type":"WebPage","@id":"https:\/\/studypeak.ch\/impressum\/","url":"https:\/\/studypeak.ch\/impressum\/","name":"Impressum |\u00a0studypeak","isPartOf":{"@id":"https:\/\/studypeak.ch\/#website"},"datePublished":"2025-01-27T14:38:42+00:00","dateModified":"2025-11-14T06:13:55+00:00","description":"Finde alle rechtlichen Informationen und Kontaktdaten von studypeak auf unserer Impressum-Seite.","breadcrumb":{"@id":"https:\/\/studypeak.ch\/impressum\/#breadcrumb"},"inLanguage":"fr-FR","potentialAction":[{"@type":"ReadAction","target":["https:\/\/studypeak.ch\/impressum\/"]}]},{"@type":"BreadcrumbList","@id":"https:\/\/studypeak.ch\/impressum\/#breadcrumb","itemListElement":[{"@type":"ListItem","position":1,"name":"Home","item":"https:\/\/studypeak.ch\/"},{"@type":"ListItem","position":2,"name":"Impressum"}]},{"@type":"WebSite","@id":"https:\/\/studypeak.ch\/#website","url":"https:\/\/studypeak.ch\/","name":"studypeak","description":"studypeak","publisher":{"@id":"https:\/\/studypeak.ch\/#organization"},"potentialAction":[{"@type":"SearchAction","target":{"@type":"EntryPoint","urlTemplate":"https:\/\/studypeak.ch\/?s={search_term_string}"},"query-input":{"@type":"PropertyValueSpecification","valueRequired":true,"valueName":"search_term_string"}}],"inLanguage":"fr-FR"},{"@type":"Organization","@id":"https:\/\/studypeak.ch\/#organization","name":"studypeak","url":"https:\/\/studypeak.ch\/","logo":{"@type":"ImageObject","inLanguage":"fr-FR","@id":"https:\/\/studypeak.ch\/#\/schema\/logo\/image\/","url":"https:\/\/studypeak.ch\/wp-content\/uploads\/2024\/10\/studypeak-logo.svg","contentUrl":"https:\/\/studypeak.ch\/wp-content\/uploads\/2024\/10\/studypeak-logo.svg","caption":"studypeak"},"image":{"@id":"https:\/\/studypeak.ch\/#\/schema\/logo\/image\/"}}]}},"jetpack_sharing_enabled":true,"_links":{"self":[{"href":"https:\/\/studypeak.ch\/fr\/wp-json\/wp\/v2\/pages\/6190","targetHints":{"allow":["GET"]}}],"collection":[{"href":"https:\/\/studypeak.ch\/fr\/wp-json\/wp\/v2\/pages"}],"about":[{"href":"https:\/\/studypeak.ch\/fr\/wp-json\/wp\/v2\/types\/page"}],"author":[{"embeddable":true,"href":"https:\/\/studypeak.ch\/fr\/wp-json\/wp\/v2\/users\/1"}],"replies":[{"embeddable":true,"href":"https:\/\/studypeak.ch\/fr\/wp-json\/wp\/v2\/comments?post=6190"}],"version-history":[{"count":67,"href":"https:\/\/studypeak.ch\/fr\/wp-json\/wp\/v2\/pages\/6190\/revisions"}],"predecessor-version":[{"id":126052,"href":"https:\/\/studypeak.ch\/fr\/wp-json\/wp\/v2\/pages\/6190\/revisions\/126052"}],"wp:attachment":[{"href":"https:\/\/studypeak.ch\/fr\/wp-json\/wp\/v2\/media?parent=6190"}],"curies":[{"name":"wp","href":"https:\/\/api.w.org\/{rel}","templated":true}]}}