{"id":6208,"date":"2025-01-27T14:38:45","date_gmt":"2025-01-27T14:38:45","guid":{"rendered":"http:\/\/studypeak.ch\/kontakt-2\/"},"modified":"2026-04-20T08:31:27","modified_gmt":"2026-04-20T06:31:27","slug":"kontakt","status":"publish","type":"page","link":"https:\/\/studypeak.ch\/fr\/kontakt\/","title":{"rendered":"Contact"},"content":{"rendered":"<h2>Contact <b>Multiclass<\/b><\/h2>\n<h2>Kontaktieren Sie uns f\u00fcr eine pers\u00f6nliche Beratung.<\/h2>\n<h2>Wir sind gerne f\u00fcr Sie da!<\/h2>\n<p>&nbsp;<\/p>\n<h3>E-mail<\/h3>\n<p>Wenn Sie eine schnelle Antwort w\u00fcnschen, senden Sie uns eine E-Mail an:<\/p>\n<p><a href=\"mailto:info@studypeak.ch\">info@studypeak.ch<\/a><\/p>\n<p>&nbsp;<\/p>\n<h3>Kontakt-Formular<\/h3>\n<p>Sie k\u00f6nnen auch unser n\u00fctzliches Kontaktformular verwenden:<\/p>\n<p><a href=\"#contact-form\">Kontakt-Formular<\/a><\/p>\n<p>&nbsp;<\/p>\n<h3>Service client<\/h3>\n<p>Montag bis Samstag<br \/>\n8:00 Uhr bis 12:00 Uhr &#8211; 13:00 Uhr bis 17:00 Uhr.<\/p>\n<p><a href=\"tel:+41772531100\">+41 77 253 11 00<\/a><\/p>\n\n<div class=\"wpcf7 no-js\" id=\"wpcf7-f758-o1\" lang=\"en-US\" dir=\"ltr\" data-wpcf7-id=\"758\">\n<div class=\"screen-reader-response\"><p role=\"status\" aria-live=\"polite\" aria-atomic=\"true\"><\/p> <ul><\/ul><\/div>\n<form action=\"\/fr\/wp-json\/wp\/v2\/pages\/6208#wpcf7-f758-o1\" method=\"post\" class=\"wpcf7-form init\" aria-label=\"Contact form\" novalidate=\"novalidate\" data-status=\"init\" data-trp-original-action=\"\/fr\/wp-json\/wp\/v2\/pages\/6208#wpcf7-f758-o1\">\n<fieldset class=\"hidden-fields-container\"><input type=\"hidden\" name=\"_wpcf7\" value=\"758\" \/><input type=\"hidden\" name=\"_wpcf7_version\" value=\"6.1.4\" \/><input type=\"hidden\" name=\"_wpcf7_locale\" value=\"en_US\" \/><input type=\"hidden\" name=\"_wpcf7_unit_tag\" value=\"wpcf7-f758-o1\" \/><input type=\"hidden\" name=\"_wpcf7_container_post\" value=\"0\" \/><input type=\"hidden\" name=\"_wpcf7_posted_data_hash\" value=\"\" \/><input type=\"hidden\" name=\"_wpcf7_recaptcha_response\" value=\"\" \/>\n<\/fieldset>\n<div class=\"get_in_form\">\n\t<div class=\"form-group-main\">\n\t\t<div class=\"form-group\">\n\t\t\t<p><span class=\"wpcf7-form-control-wrap\" data-name=\"your-name\"><input size=\"40\" maxlength=\"400\" class=\"wpcf7-form-control wpcf7-text wpcf7-validates-as-required\" aria-required=\"true\" aria-invalid=\"false\" placeholder=\"First Name\" value=\"\" type=\"text\" name=\"your-name\" \/><\/span>\n\t\t\t<\/p>\n\t\t<\/div>\n\t\t<div class=\"form-group\">\n\t\t\t<p><span class=\"wpcf7-form-control-wrap\" data-name=\"last-name\"><input size=\"40\" maxlength=\"400\" class=\"wpcf7-form-control wpcf7-text wpcf7-validates-as-required\" aria-required=\"true\" aria-invalid=\"false\" placeholder=\"Last Name\" value=\"\" type=\"text\" name=\"last-name\" \/><\/span>\n\t\t\t<\/p>\n\t\t<\/div>\n\t<\/div>\n\t<div class=\"form-group-main\">\n\t\t<div class=\"form-group\">\n\t\t\t<p><span class=\"wpcf7-form-control-wrap\" data-name=\"tel-790\"><input size=\"40\" maxlength=\"400\" class=\"wpcf7-form-control wpcf7-tel wpcf7-validates-as-required wpcf7-text wpcf7-validates-as-tel\" aria-required=\"true\" aria-invalid=\"false\" placeholder=\"Phone Number\" value=\"\" type=\"tel\" name=\"tel-790\" \/><\/span>\n\t\t\t<\/p>\n\t\t<\/div>\n\t\t<div class=\"form-group\">\n\t\t\t<p><span class=\"wpcf7-form-control-wrap\" data-name=\"your-email\"><input size=\"40\" maxlength=\"400\" class=\"wpcf7-form-control wpcf7-email wpcf7-validates-as-required wpcf7-text wpcf7-validates-as-email\" aria-required=\"true\" aria-invalid=\"false\" placeholder=\"Email Id\" value=\"\" type=\"email\" name=\"your-email\" \/><\/span>\n\t\t\t<\/p>\n\t\t<\/div>\n\t<\/div>\n\t<div class=\"form-group\">\n\t\t<p><span class=\"wpcf7-form-control-wrap\" data-name=\"select_option\"><select class=\"wpcf7-form-control wpcf7-select wpcf7-validates-as-required\" aria-required=\"true\" aria-invalid=\"false\" name=\"select_option\"><option value=\"\">Select Option<\/option><option value=\"Multicheck Preparation 2024\">Multicheck Preparation 2024<\/option><option value=\"ZAP-IMS Preparation 2024\">ZAP-IMS Preparation 2024<\/option><option value=\"Individual Tutoring\">Individual Tutoring<\/option><option value=\"Group Lessons\">Group Lessons<\/option><option value=\"Career Counseling and Learning Coach\">Career Counseling and Learning Coach<\/option><option value=\"Exercise Program\">Exercise Program<\/option><option value=\"Job Offers\">Job Offers<\/option><option value=\"Payment Issues\">Payment Issues<\/option><option value=\"Other Inquiries\">Other Inquiries<\/option><\/select><\/span>\n\t\t<\/p>\n\t<\/div>\n\t<div class=\"form-group\">\n\t\t<p><span class=\"wpcf7-form-control-wrap\" data-name=\"your-message\"><textarea cols=\"40\" rows=\"10\" maxlength=\"2000\" class=\"wpcf7-form-control wpcf7-textarea\" aria-invalid=\"false\" placeholder=\"Message\" name=\"your-message\"><\/textarea><\/span>\n\t\t<\/p>\n\t<\/div>\n\t<div class=\"form-group captcha-main\">\n\t\t<div class=\"captcha-code\">\n\t\t\t<p><span id=\"custom-captcha-display\"><\/span><input type=\"hidden\" id=\"custom-captcha-code\" name=\"custom-captcha-code\" \/>\n\t\t\t<\/p>\n\t\t<\/div>\n\t\t<div class=\"captcha-input\">\n\t\t\t<p><span class=\"wpcf7-form-control-wrap\" data-name=\"custom-captcha-response\"><input size=\"40\" maxlength=\"400\" class=\"wpcf7-form-control wpcf7-text wpcf7-validates-as-required\" aria-required=\"true\" aria-invalid=\"false\" placeholder=\"Enter Captcha\" value=\"\" type=\"text\" name=\"custom-captcha-response\" \/><\/span>\n\t\t\t<\/p>\n\t\t<\/div>\n\t\t<div class=\"captcha-btn\">\n\t\t\t<p><button type=\"button\" id=\"refresh-captcha\">Refresh<\/button>\n\t\t\t<\/p>\n\t\t<\/div>\n\t<\/div>\n\t<p><input class=\"wpcf7-form-control wpcf7-submit has-spinner\" type=\"submit\" value=\"Send\" \/>\n\t<\/p>\n<\/div><div class=\"wpcf7-response-output\" aria-hidden=\"true\"><\/div>\n<input type=\"hidden\" name=\"trp-form-language\" value=\"fr\"\/><\/form>\n<\/div>\n\n<h2>Sie sind auch in unserem B\u00fcro im Herzen von<br \/>\n<b>Z\u00fcrich und K\u00fcsnacht<\/b> herzlich willkommen.<\/h2>\n<p>Kohlrainstrasse 1, 8700 kusnacht Schweiz<br \/>\nTorgasse 8, 8001 Z\u00fcrich, Schweiz<\/p>\n<h3>Automobile<\/h3>\n<p><strong>Z\u00fcrich :<\/strong> Es gibt zahlreiche wei\u00dfe Parkpl\u00e4tze in der N\u00e4he unserer B\u00fcros oder das Parkhaus Hohe Promenade<\/p>\n<p><a href=\"https:\/\/www.google.com\/maps\/place\/Torgasse+8,+8001+Z%C3%BCrich,+Switzerland\/@47.3680596,8.5431376,17z\/data=!3m1!4b1!4m6!3m5!1s0x479aa0ab6dc64353:0x759189e5a8d7d153!8m2!3d47.3680596!4d8.5457125!16s%2Fg%2F11c222zg3c?entry=ttu\" target=\"_blank\" rel=\"noopener\">Navigation mit Google Maps<\/a><\/p>\n<p><strong>K\u00fcsnacht :<\/strong> Parkpl\u00e4tze vor dem Haus vorhanden<\/p>\n<p><a href=\"https:\/\/www.google.com\/maps\/place\/Kohlrainstrasse+1,+8700+K%C3%BCsnacht,+Switzerland\/@47.3213601,8.5762741,17z\/data=!3m1!4b1!4m6!3m5!1s0x479aa65450beac5b:0xa36dcbe857a2126c!8m2!3d47.3213601!4d8.578849!16s%2Fg%2F11cs5jrft5?entry=ttu\" target=\"_blank\" rel=\"noopener\">Navigation mit Google Maps<\/a><\/p>\n<p>&nbsp;<\/p>\n<h3>\u00d6ffentliche Verkehrsmittel<\/h3>\n<p><strong>Z\u00fcrich :<\/strong> Wir sind direkt neben dem Stadelhofen und dem Bellevue<\/p>\n<p><a href=\"https:\/\/www.google.com\/maps\/place\/Torgasse+8,+8001+Z%C3%BCrich,+Switzerland\/@47.3680596,8.5431376,17z\/data=!3m1!4b1!4m6!3m5!1s0x479aa0ab6dc64353:0x759189e5a8d7d153!8m2!3d47.3680596!4d8.5457125!16s%2Fg%2F11c222zg3c?entry=ttu\" target=\"_blank\" rel=\"noopener\">\u00dcberpr\u00fcfen Sie Ihre Verbindungen<\/a><\/p>\n<p><strong>K\u00fcsnacht :<\/strong> 1 Minute zu Fu\u00df vom Bahnhof K\u00fcsnacht und direkt im<\/p>\n<p><a href=\"https:\/\/www.google.com\/maps\/place\/Kohlrainstrasse+1,+8700+K%C3%BCsnacht,+Switzerland\/@47.3213601,8.5762741,17z\/data=!3m1!4b1!4m6!3m5!1s0x479aa65450beac5b:0xa36dcbe857a2126c!8m2!3d47.3213601!4d8.578849!16s%2Fg%2F11cs5jrft5?entry=ttu\" target=\"_blank\" rel=\"noopener\">\u00dcberpr\u00fcfen Sie Ihre Verbindungen<\/a><\/p>","protected":false},"excerpt":{"rendered":"<p>Kontakt Multiclass Kontaktieren Sie uns f\u00fcr eine pers\u00f6nliche Beratung. Wir sind gerne f\u00fcr Sie da! &nbsp; E-Mail Wenn Sie eine schnelle Antwort w\u00fcnschen, senden Sie uns eine E-Mail an: info@studypeak.ch &nbsp; Kontakt-Formular Sie k\u00f6nnen auch unser n\u00fctzliches Kontaktformular verwenden: Kontakt-Formular &nbsp; Kundenbetreuung Montag bis Samstag 8:00 Uhr bis 12:00 Uhr &#8211; 13:00 Uhr bis 17:00 [&hellip;]<\/p>","protected":false},"author":1,"featured_media":0,"parent":0,"menu_order":0,"comment_status":"closed","ping_status":"closed","template":"","meta":{"footnotes":""},"class_list":["post-6208","page","type-page","status-publish","hentry"],"acf":[],"yoast_head":"<!-- This site is optimized with the Yoast SEO plugin v26.5 - https:\/\/yoast.com\/wordpress\/plugins\/seo\/ -->\n<title>Kontakt | studypeak<\/title>\n<meta name=\"description\" content=\"Hast du Fragen zur Pr\u00fcfungsvorbereitung? Kontaktiere uns jetzt! Wir helfen dir, den besten Lernplan f\u00fcr deine Pr\u00fcfungen zu erstellen.\" \/>\n<meta name=\"robots\" content=\"index, follow, max-snippet:-1, max-image-preview:large, max-video-preview:-1\" \/>\n<link rel=\"canonical\" href=\"https:\/\/studypeak.ch\/fr\/kontakt\/\" \/>\n<meta property=\"og:locale\" content=\"fr_FR\" \/>\n<meta property=\"og:type\" content=\"article\" \/>\n<meta property=\"og:title\" content=\"Kontakt | studypeak\" \/>\n<meta property=\"og:description\" content=\"Hast du Fragen zur Pr\u00fcfungsvorbereitung? Kontaktiere uns jetzt! Wir helfen dir, den besten Lernplan f\u00fcr deine Pr\u00fcfungen zu erstellen.\" \/>\n<meta property=\"og:url\" content=\"https:\/\/studypeak.ch\/fr\/kontakt\/\" \/>\n<meta property=\"og:site_name\" content=\"studypeak\" \/>\n<meta property=\"article:modified_time\" content=\"2026-04-20T06:31:27+00:00\" \/>\n<meta property=\"og:image\" content=\"https:\/\/studypeak.ch\/wp-content\/uploads\/2025\/04\/Studypeak-Logo-SEO.png\" \/>\n\t<meta property=\"og:image:width\" content=\"1200\" \/>\n\t<meta property=\"og:image:height\" content=\"630\" \/>\n\t<meta property=\"og:image:type\" content=\"image\/png\" \/>\n<meta name=\"twitter:card\" content=\"summary_large_image\" \/>\n<meta name=\"twitter:label1\" content=\"Dur\u00e9e de lecture estim\u00e9e\" \/>\n\t<meta name=\"twitter:data1\" content=\"2 minutes\" \/>\n<script type=\"application\/ld+json\" class=\"yoast-schema-graph\">{\"@context\":\"https:\/\/schema.org\",\"@graph\":[{\"@type\":\"WebPage\",\"@id\":\"https:\/\/studypeak.ch\/kontakt\/\",\"url\":\"https:\/\/studypeak.ch\/kontakt\/\",\"name\":\"Kontakt | studypeak\",\"isPartOf\":{\"@id\":\"https:\/\/studypeak.ch\/#website\"},\"datePublished\":\"2025-01-27T14:38:45+00:00\",\"dateModified\":\"2026-04-20T06:31:27+00:00\",\"description\":\"Hast du Fragen zur Pr\u00fcfungsvorbereitung? Kontaktiere uns jetzt! Wir helfen dir, den besten Lernplan f\u00fcr deine Pr\u00fcfungen zu erstellen.\",\"breadcrumb\":{\"@id\":\"https:\/\/studypeak.ch\/kontakt\/#breadcrumb\"},\"inLanguage\":\"fr-FR\",\"potentialAction\":[{\"@type\":\"ReadAction\",\"target\":[\"https:\/\/studypeak.ch\/kontakt\/\"]}]},{\"@type\":\"BreadcrumbList\",\"@id\":\"https:\/\/studypeak.ch\/kontakt\/#breadcrumb\",\"itemListElement\":[{\"@type\":\"ListItem\",\"position\":1,\"name\":\"Home\",\"item\":\"https:\/\/studypeak.ch\/\"},{\"@type\":\"ListItem\",\"position\":2,\"name\":\"Kontakt\"}]},{\"@type\":\"WebSite\",\"@id\":\"https:\/\/studypeak.ch\/#website\",\"url\":\"https:\/\/studypeak.ch\/\",\"name\":\"studypeak\",\"description\":\"studypeak\",\"publisher\":{\"@id\":\"https:\/\/studypeak.ch\/#organization\"},\"potentialAction\":[{\"@type\":\"SearchAction\",\"target\":{\"@type\":\"EntryPoint\",\"urlTemplate\":\"https:\/\/studypeak.ch\/?s={search_term_string}\"},\"query-input\":{\"@type\":\"PropertyValueSpecification\",\"valueRequired\":true,\"valueName\":\"search_term_string\"}}],\"inLanguage\":\"fr-FR\"},{\"@type\":\"Organization\",\"@id\":\"https:\/\/studypeak.ch\/#organization\",\"name\":\"studypeak\",\"url\":\"https:\/\/studypeak.ch\/\",\"logo\":{\"@type\":\"ImageObject\",\"inLanguage\":\"fr-FR\",\"@id\":\"https:\/\/studypeak.ch\/#\/schema\/logo\/image\/\",\"url\":\"https:\/\/studypeak.ch\/wp-content\/uploads\/2024\/10\/studypeak-logo.svg\",\"contentUrl\":\"https:\/\/studypeak.ch\/wp-content\/uploads\/2024\/10\/studypeak-logo.svg\",\"caption\":\"studypeak\"},\"image\":{\"@id\":\"https:\/\/studypeak.ch\/#\/schema\/logo\/image\/\"}}]}<\/script>\n<!-- \/ Yoast SEO plugin. -->","yoast_head_json":{"title":"Contact | studypeak","description":"Tu as des questions sur la pr\u00e9paration \u00e0 l&#039;examen ? Contacte-nous d\u00e8s maintenant ! Nous t&#039;aiderons \u00e0 \u00e9laborer le meilleur plan d&#039;\u00e9tude pour tes examens.","robots":{"index":"index","follow":"follow","max-snippet":"max-snippet:-1","max-image-preview":"max-image-preview:large","max-video-preview":"max-video-preview:-1"},"canonical":"https:\/\/studypeak.ch\/fr\/kontakt\/","og_locale":"fr_FR","og_type":"article","og_title":"Kontakt | studypeak","og_description":"Hast du Fragen zur Pr\u00fcfungsvorbereitung? Kontaktiere uns jetzt! Wir helfen dir, den besten Lernplan f\u00fcr deine Pr\u00fcfungen zu erstellen.","og_url":"https:\/\/studypeak.ch\/fr\/kontakt\/","og_site_name":"studypeak","article_modified_time":"2026-04-20T06:31:27+00:00","og_image":[{"width":1200,"height":630,"url":"https:\/\/studypeak.ch\/wp-content\/uploads\/2025\/04\/Studypeak-Logo-SEO.png","type":"image\/png"}],"twitter_card":"summary_large_image","twitter_misc":{"Dur\u00e9e de lecture estim\u00e9e":"2 minutes"},"schema":{"@context":"https:\/\/schema.org","@graph":[{"@type":"WebPage","@id":"https:\/\/studypeak.ch\/kontakt\/","url":"https:\/\/studypeak.ch\/kontakt\/","name":"Contact | studypeak","isPartOf":{"@id":"https:\/\/studypeak.ch\/#website"},"datePublished":"2025-01-27T14:38:45+00:00","dateModified":"2026-04-20T06:31:27+00:00","description":"Tu as des questions sur la pr\u00e9paration \u00e0 l&#039;examen ? Contacte-nous d\u00e8s maintenant ! Nous t&#039;aiderons \u00e0 \u00e9laborer le meilleur plan d&#039;\u00e9tude pour tes examens.","breadcrumb":{"@id":"https:\/\/studypeak.ch\/kontakt\/#breadcrumb"},"inLanguage":"fr-FR","potentialAction":[{"@type":"ReadAction","target":["https:\/\/studypeak.ch\/kontakt\/"]}]},{"@type":"BreadcrumbList","@id":"https:\/\/studypeak.ch\/kontakt\/#breadcrumb","itemListElement":[{"@type":"ListItem","position":1,"name":"Home","item":"https:\/\/studypeak.ch\/"},{"@type":"ListItem","position":2,"name":"Kontakt"}]},{"@type":"WebSite","@id":"https:\/\/studypeak.ch\/#website","url":"https:\/\/studypeak.ch\/","name":"studypeak","description":"studypeak","publisher":{"@id":"https:\/\/studypeak.ch\/#organization"},"potentialAction":[{"@type":"SearchAction","target":{"@type":"EntryPoint","urlTemplate":"https:\/\/studypeak.ch\/?s={search_term_string}"},"query-input":{"@type":"PropertyValueSpecification","valueRequired":true,"valueName":"search_term_string"}}],"inLanguage":"fr-FR"},{"@type":"Organization","@id":"https:\/\/studypeak.ch\/#organization","name":"studypeak","url":"https:\/\/studypeak.ch\/","logo":{"@type":"ImageObject","inLanguage":"fr-FR","@id":"https:\/\/studypeak.ch\/#\/schema\/logo\/image\/","url":"https:\/\/studypeak.ch\/wp-content\/uploads\/2024\/10\/studypeak-logo.svg","contentUrl":"https:\/\/studypeak.ch\/wp-content\/uploads\/2024\/10\/studypeak-logo.svg","caption":"studypeak"},"image":{"@id":"https:\/\/studypeak.ch\/#\/schema\/logo\/image\/"}}]}},"jetpack_sharing_enabled":true,"_links":{"self":[{"href":"https:\/\/studypeak.ch\/fr\/wp-json\/wp\/v2\/pages\/6208","targetHints":{"allow":["GET"]}}],"collection":[{"href":"https:\/\/studypeak.ch\/fr\/wp-json\/wp\/v2\/pages"}],"about":[{"href":"https:\/\/studypeak.ch\/fr\/wp-json\/wp\/v2\/types\/page"}],"author":[{"embeddable":true,"href":"https:\/\/studypeak.ch\/fr\/wp-json\/wp\/v2\/users\/1"}],"replies":[{"embeddable":true,"href":"https:\/\/studypeak.ch\/fr\/wp-json\/wp\/v2\/comments?post=6208"}],"version-history":[{"count":100,"href":"https:\/\/studypeak.ch\/fr\/wp-json\/wp\/v2\/pages\/6208\/revisions"}],"predecessor-version":[{"id":139403,"href":"https:\/\/studypeak.ch\/fr\/wp-json\/wp\/v2\/pages\/6208\/revisions\/139403"}],"wp:attachment":[{"href":"https:\/\/studypeak.ch\/fr\/wp-json\/wp\/v2\/media?parent=6208"}],"curies":[{"name":"wp","href":"https:\/\/api.w.org\/{rel}","templated":true}]}}