{"id":110628,"date":"2025-06-12T10:10:05","date_gmt":"2025-06-12T08:10:05","guid":{"rendered":"https:\/\/studypeak.ch\/multicheck-kurse-copy\/"},"modified":"2026-03-31T11:34:35","modified_gmt":"2026-03-31T09:34:35","slug":"probezeit-kurse","status":"publish","type":"page","link":"https:\/\/studypeak.ch\/it\/probezeit-kurse\/","title":{"rendered":"Probezeit Kurse"},"content":{"rendered":"","protected":false},"excerpt":{"rendered":"","protected":false},"author":1,"featured_media":0,"parent":0,"menu_order":0,"comment_status":"closed","ping_status":"closed","template":"","meta":{"footnotes":""},"class_list":["post-110628","page","type-page","status-publish","hentry"],"acf":[],"yoast_head":"<!-- This site is optimized with the Yoast SEO plugin v26.5 - https:\/\/yoast.com\/wordpress\/plugins\/seo\/ -->\n<title>Gymi Probezeitkurs vor Ort in Z\u00fcrich &amp; K\u00fcsnacht | studypeak<\/title>\n<meta name=\"description\" content=\"Starte deinen Gymnasium-Probezeitkurs in Z\u00fcrich und K\u00fcsnacht. Vor Ort lernen, gezielt vorbereiten und sicher durch die Gymi-Probezeit \u2013 mit studypeak.\" \/>\n<meta name=\"robots\" content=\"index, follow, max-snippet:-1, max-image-preview:large, max-video-preview:-1\" \/>\n<link rel=\"canonical\" href=\"https:\/\/studypeak.ch\/it\/probezeit-kurse\/\" \/>\n<meta property=\"og:locale\" content=\"it_IT\" \/>\n<meta property=\"og:type\" content=\"article\" \/>\n<meta property=\"og:title\" content=\"Gymi Probezeitkurs vor Ort in Z\u00fcrich &amp; K\u00fcsnacht | studypeak\" \/>\n<meta property=\"og:description\" content=\"Starte deinen Gymnasium-Probezeitkurs in Z\u00fcrich und K\u00fcsnacht. Vor Ort lernen, gezielt vorbereiten und sicher durch die Gymi-Probezeit \u2013 mit studypeak.\" \/>\n<meta property=\"og:url\" content=\"https:\/\/studypeak.ch\/it\/probezeit-kurse\/\" \/>\n<meta property=\"og:site_name\" content=\"studypeak\" \/>\n<meta property=\"article:modified_time\" content=\"2026-03-31T09:34:35+00:00\" \/>\n<meta property=\"og:image\" content=\"https:\/\/studypeak.ch\/wp-content\/uploads\/2025\/04\/Studypeak-Logo-SEO.png\" \/>\n\t<meta property=\"og:image:width\" content=\"1200\" \/>\n\t<meta property=\"og:image:height\" content=\"630\" \/>\n\t<meta property=\"og:image:type\" content=\"image\/png\" \/>\n<meta name=\"twitter:card\" content=\"summary_large_image\" \/>\n<meta name=\"twitter:label1\" content=\"Tempo di lettura stimato\" \/>\n\t<meta name=\"twitter:data1\" content=\"23 minuti\" \/>\n<script type=\"application\/ld+json\" class=\"yoast-schema-graph\">{\"@context\":\"https:\/\/schema.org\",\"@graph\":[{\"@type\":\"WebPage\",\"@id\":\"https:\/\/studypeak.ch\/probezeit-kurse\/\",\"url\":\"https:\/\/studypeak.ch\/probezeit-kurse\/\",\"name\":\"Gymi Probezeitkurs vor Ort in Z\u00fcrich & K\u00fcsnacht | studypeak\",\"isPartOf\":{\"@id\":\"https:\/\/studypeak.ch\/#website\"},\"datePublished\":\"2025-06-12T08:10:05+00:00\",\"dateModified\":\"2026-03-31T09:34:35+00:00\",\"description\":\"Starte deinen Gymnasium-Probezeitkurs in Z\u00fcrich und K\u00fcsnacht. Vor Ort lernen, gezielt vorbereiten und sicher durch die Gymi-Probezeit \u2013 mit studypeak.\",\"breadcrumb\":{\"@id\":\"https:\/\/studypeak.ch\/probezeit-kurse\/#breadcrumb\"},\"inLanguage\":\"it-IT\",\"potentialAction\":[{\"@type\":\"ReadAction\",\"target\":[\"https:\/\/studypeak.ch\/probezeit-kurse\/\"]}]},{\"@type\":\"BreadcrumbList\",\"@id\":\"https:\/\/studypeak.ch\/probezeit-kurse\/#breadcrumb\",\"itemListElement\":[{\"@type\":\"ListItem\",\"position\":1,\"name\":\"Home\",\"item\":\"https:\/\/studypeak.ch\/\"},{\"@type\":\"ListItem\",\"position\":2,\"name\":\"Probezeit Kurse\"}]},{\"@type\":\"WebSite\",\"@id\":\"https:\/\/studypeak.ch\/#website\",\"url\":\"https:\/\/studypeak.ch\/\",\"name\":\"studypeak\",\"description\":\"studypeak\",\"publisher\":{\"@id\":\"https:\/\/studypeak.ch\/#organization\"},\"potentialAction\":[{\"@type\":\"SearchAction\",\"target\":{\"@type\":\"EntryPoint\",\"urlTemplate\":\"https:\/\/studypeak.ch\/?s={search_term_string}\"},\"query-input\":{\"@type\":\"PropertyValueSpecification\",\"valueRequired\":true,\"valueName\":\"search_term_string\"}}],\"inLanguage\":\"it-IT\"},{\"@type\":\"Organization\",\"@id\":\"https:\/\/studypeak.ch\/#organization\",\"name\":\"studypeak\",\"url\":\"https:\/\/studypeak.ch\/\",\"logo\":{\"@type\":\"ImageObject\",\"inLanguage\":\"it-IT\",\"@id\":\"https:\/\/studypeak.ch\/#\/schema\/logo\/image\/\",\"url\":\"https:\/\/studypeak.ch\/wp-content\/uploads\/2024\/10\/studypeak-logo.svg\",\"contentUrl\":\"https:\/\/studypeak.ch\/wp-content\/uploads\/2024\/10\/studypeak-logo.svg\",\"caption\":\"studypeak\"},\"image\":{\"@id\":\"https:\/\/studypeak.ch\/#\/schema\/logo\/image\/\"}}]}<\/script>\n<!-- \/ Yoast SEO plugin. -->","yoast_head_json":{"title":"Gymi Probezeitkurs vor Ort in Z\u00fcrich & K\u00fcsnacht | studypeak","description":"Starte deinen Gymnasium-Probezeitkurs in Z\u00fcrich und K\u00fcsnacht. Vor Ort lernen, gezielt vorbereiten und sicher durch die Gymi-Probezeit \u2013 mit studypeak.","robots":{"index":"index","follow":"follow","max-snippet":"max-snippet:-1","max-image-preview":"max-image-preview:large","max-video-preview":"max-video-preview:-1"},"canonical":"https:\/\/studypeak.ch\/it\/probezeit-kurse\/","og_locale":"it_IT","og_type":"article","og_title":"Gymi Probezeitkurs vor Ort in Z\u00fcrich & K\u00fcsnacht | studypeak","og_description":"Starte deinen Gymnasium-Probezeitkurs in Z\u00fcrich und K\u00fcsnacht. Vor Ort lernen, gezielt vorbereiten und sicher durch die Gymi-Probezeit \u2013 mit studypeak.","og_url":"https:\/\/studypeak.ch\/it\/probezeit-kurse\/","og_site_name":"studypeak","article_modified_time":"2026-03-31T09:34:35+00:00","og_image":[{"width":1200,"height":630,"url":"https:\/\/studypeak.ch\/wp-content\/uploads\/2025\/04\/Studypeak-Logo-SEO.png","type":"image\/png"}],"twitter_card":"summary_large_image","twitter_misc":{"Tempo di lettura stimato":"23 minuti"},"schema":{"@context":"https:\/\/schema.org","@graph":[{"@type":"WebPage","@id":"https:\/\/studypeak.ch\/probezeit-kurse\/","url":"https:\/\/studypeak.ch\/probezeit-kurse\/","name":"Gymi Probezeitkurs vor Ort in Z\u00fcrich & K\u00fcsnacht | studypeak","isPartOf":{"@id":"https:\/\/studypeak.ch\/#website"},"datePublished":"2025-06-12T08:10:05+00:00","dateModified":"2026-03-31T09:34:35+00:00","description":"Starte deinen Gymnasium-Probezeitkurs in Z\u00fcrich und K\u00fcsnacht. Vor Ort lernen, gezielt vorbereiten und sicher durch die Gymi-Probezeit \u2013 mit studypeak.","breadcrumb":{"@id":"https:\/\/studypeak.ch\/probezeit-kurse\/#breadcrumb"},"inLanguage":"it-IT","potentialAction":[{"@type":"ReadAction","target":["https:\/\/studypeak.ch\/probezeit-kurse\/"]}]},{"@type":"BreadcrumbList","@id":"https:\/\/studypeak.ch\/probezeit-kurse\/#breadcrumb","itemListElement":[{"@type":"ListItem","position":1,"name":"Home","item":"https:\/\/studypeak.ch\/"},{"@type":"ListItem","position":2,"name":"Probezeit Kurse"}]},{"@type":"WebSite","@id":"https:\/\/studypeak.ch\/#website","url":"https:\/\/studypeak.ch\/","name":"studypeak","description":"studypeak","publisher":{"@id":"https:\/\/studypeak.ch\/#organization"},"potentialAction":[{"@type":"SearchAction","target":{"@type":"EntryPoint","urlTemplate":"https:\/\/studypeak.ch\/?s={search_term_string}"},"query-input":{"@type":"PropertyValueSpecification","valueRequired":true,"valueName":"search_term_string"}}],"inLanguage":"it-IT"},{"@type":"Organization","@id":"https:\/\/studypeak.ch\/#organization","name":"studypeak","url":"https:\/\/studypeak.ch\/","logo":{"@type":"ImageObject","inLanguage":"it-IT","@id":"https:\/\/studypeak.ch\/#\/schema\/logo\/image\/","url":"https:\/\/studypeak.ch\/wp-content\/uploads\/2024\/10\/studypeak-logo.svg","contentUrl":"https:\/\/studypeak.ch\/wp-content\/uploads\/2024\/10\/studypeak-logo.svg","caption":"studypeak"},"image":{"@id":"https:\/\/studypeak.ch\/#\/schema\/logo\/image\/"}}]}},"jetpack_sharing_enabled":true,"_links":{"self":[{"href":"https:\/\/studypeak.ch\/it\/wp-json\/wp\/v2\/pages\/110628","targetHints":{"allow":["GET"]}}],"collection":[{"href":"https:\/\/studypeak.ch\/it\/wp-json\/wp\/v2\/pages"}],"about":[{"href":"https:\/\/studypeak.ch\/it\/wp-json\/wp\/v2\/types\/page"}],"author":[{"embeddable":true,"href":"https:\/\/studypeak.ch\/it\/wp-json\/wp\/v2\/users\/1"}],"replies":[{"embeddable":true,"href":"https:\/\/studypeak.ch\/it\/wp-json\/wp\/v2\/comments?post=110628"}],"version-history":[{"count":66,"href":"https:\/\/studypeak.ch\/it\/wp-json\/wp\/v2\/pages\/110628\/revisions"}],"predecessor-version":[{"id":138465,"href":"https:\/\/studypeak.ch\/it\/wp-json\/wp\/v2\/pages\/110628\/revisions\/138465"}],"wp:attachment":[{"href":"https:\/\/studypeak.ch\/it\/wp-json\/wp\/v2\/media?parent=110628"}],"curies":[{"name":"wp","href":"https:\/\/api.w.org\/{rel}","templated":true}]}}