{"id":82998,"date":"2025-02-11T05:26:43","date_gmt":"2025-02-11T05:26:43","guid":{"rendered":"http:\/\/studypeak.ch\/?page_id=82998"},"modified":"2026-03-27T14:53:07","modified_gmt":"2026-03-27T13:53:07","slug":"alte-pruefungen","status":"publish","type":"page","link":"https:\/\/studypeak.ch\/it\/alte-pruefungen\/","title":{"rendered":"Tutti i vecchi esami Gymi di Zurigo - Archivio esami"},"content":{"rendered":"","protected":false},"excerpt":{"rendered":"","protected":false},"author":1,"featured_media":0,"parent":0,"menu_order":0,"comment_status":"closed","ping_status":"closed","template":"","meta":{"footnotes":""},"class_list":["post-82998","page","type-page","status-publish","hentry"],"acf":[],"yoast_head":"<!-- This site is optimized with the Yoast SEO plugin v26.5 - https:\/\/yoast.com\/wordpress\/plugins\/seo\/ -->\n<title>Alle alten Gymipr\u00fcfungen Z\u00fcrich - Pr\u00fcfungsarchiv |\u00a0studypeak<\/title>\n<meta name=\"description\" content=\"Trainiere f\u00fcr die Gymipr\u00fcfung mit alten Pr\u00fcfungen! Lade Originalpr\u00fcfungen herunter und bereite dich optimal auf den \u00dcbertritt ans Gymnasium vor.\" \/>\n<meta name=\"robots\" content=\"index, follow, max-snippet:-1, max-image-preview:large, max-video-preview:-1\" \/>\n<link rel=\"canonical\" href=\"https:\/\/studypeak.ch\/it\/alte-pruefungen\/\" \/>\n<meta property=\"og:locale\" content=\"it_IT\" \/>\n<meta property=\"og:type\" content=\"article\" \/>\n<meta property=\"og:title\" content=\"Alle alten Gymipr\u00fcfungen Z\u00fcrich - Pr\u00fcfungsarchiv |\u00a0studypeak\" \/>\n<meta property=\"og:description\" content=\"Trainiere f\u00fcr die Gymipr\u00fcfung mit alten Pr\u00fcfungen! Lade Originalpr\u00fcfungen herunter und bereite dich optimal auf den \u00dcbertritt ans Gymnasium vor.\" \/>\n<meta property=\"og:url\" content=\"https:\/\/studypeak.ch\/it\/alte-pruefungen\/\" \/>\n<meta property=\"og:site_name\" content=\"studypeak\" \/>\n<meta property=\"article:modified_time\" content=\"2026-03-27T13:53:07+00:00\" \/>\n<meta property=\"og:image\" content=\"https:\/\/studypeak.ch\/wp-content\/uploads\/2025\/04\/Studypeak-Logo-SEO.png\" \/>\n\t<meta property=\"og:image:width\" content=\"1200\" \/>\n\t<meta property=\"og:image:height\" content=\"630\" \/>\n\t<meta property=\"og:image:type\" content=\"image\/png\" \/>\n<meta name=\"twitter:card\" content=\"summary_large_image\" \/>\n<script type=\"application\/ld+json\" class=\"yoast-schema-graph\">{\"@context\":\"https:\/\/schema.org\",\"@graph\":[{\"@type\":\"WebPage\",\"@id\":\"https:\/\/studypeak.ch\/alte-pruefungen\/\",\"url\":\"https:\/\/studypeak.ch\/alte-pruefungen\/\",\"name\":\"Alle alten Gymipr\u00fcfungen Z\u00fcrich - Pr\u00fcfungsarchiv |\u00a0studypeak\",\"isPartOf\":{\"@id\":\"https:\/\/studypeak.ch\/#website\"},\"datePublished\":\"2025-02-11T05:26:43+00:00\",\"dateModified\":\"2026-03-27T13:53:07+00:00\",\"description\":\"Trainiere f\u00fcr die Gymipr\u00fcfung mit alten Pr\u00fcfungen! Lade Originalpr\u00fcfungen herunter und bereite dich optimal auf den \u00dcbertritt ans Gymnasium vor.\",\"breadcrumb\":{\"@id\":\"https:\/\/studypeak.ch\/alte-pruefungen\/#breadcrumb\"},\"inLanguage\":\"it-IT\",\"potentialAction\":[{\"@type\":\"ReadAction\",\"target\":[\"https:\/\/studypeak.ch\/alte-pruefungen\/\"]}]},{\"@type\":\"BreadcrumbList\",\"@id\":\"https:\/\/studypeak.ch\/alte-pruefungen\/#breadcrumb\",\"itemListElement\":[{\"@type\":\"ListItem\",\"position\":1,\"name\":\"Home\",\"item\":\"https:\/\/studypeak.ch\/\"},{\"@type\":\"ListItem\",\"position\":2,\"name\":\"Alte Pr\u00fcfungen\"}]},{\"@type\":\"WebSite\",\"@id\":\"https:\/\/studypeak.ch\/#website\",\"url\":\"https:\/\/studypeak.ch\/\",\"name\":\"studypeak\",\"description\":\"studypeak\",\"publisher\":{\"@id\":\"https:\/\/studypeak.ch\/#organization\"},\"potentialAction\":[{\"@type\":\"SearchAction\",\"target\":{\"@type\":\"EntryPoint\",\"urlTemplate\":\"https:\/\/studypeak.ch\/?s={search_term_string}\"},\"query-input\":{\"@type\":\"PropertyValueSpecification\",\"valueRequired\":true,\"valueName\":\"search_term_string\"}}],\"inLanguage\":\"it-IT\"},{\"@type\":\"Organization\",\"@id\":\"https:\/\/studypeak.ch\/#organization\",\"name\":\"studypeak\",\"url\":\"https:\/\/studypeak.ch\/\",\"logo\":{\"@type\":\"ImageObject\",\"inLanguage\":\"it-IT\",\"@id\":\"https:\/\/studypeak.ch\/#\/schema\/logo\/image\/\",\"url\":\"https:\/\/studypeak.ch\/wp-content\/uploads\/2024\/10\/studypeak-logo.svg\",\"contentUrl\":\"https:\/\/studypeak.ch\/wp-content\/uploads\/2024\/10\/studypeak-logo.svg\",\"caption\":\"studypeak\"},\"image\":{\"@id\":\"https:\/\/studypeak.ch\/#\/schema\/logo\/image\/\"}}]}<\/script>\n<!-- \/ Yoast SEO plugin. -->","yoast_head_json":{"title":"Tutti i vecchi esami Gymi di Zurigo - Archivio esami | studypeak","description":"Esercitati per l\u2019esame Gymi con gli esami degli anni precedenti! Scarica gli esami originali e preparati al meglio per il passaggio al liceo.","robots":{"index":"index","follow":"follow","max-snippet":"max-snippet:-1","max-image-preview":"max-image-preview:large","max-video-preview":"max-video-preview:-1"},"canonical":"https:\/\/studypeak.ch\/it\/alte-pruefungen\/","og_locale":"it_IT","og_type":"article","og_title":"Alle alten Gymipr\u00fcfungen Z\u00fcrich - Pr\u00fcfungsarchiv |\u00a0studypeak","og_description":"Trainiere f\u00fcr die Gymipr\u00fcfung mit alten Pr\u00fcfungen! Lade Originalpr\u00fcfungen herunter und bereite dich optimal auf den \u00dcbertritt ans Gymnasium vor.","og_url":"https:\/\/studypeak.ch\/it\/alte-pruefungen\/","og_site_name":"studypeak","article_modified_time":"2026-03-27T13:53:07+00:00","og_image":[{"width":1200,"height":630,"url":"https:\/\/studypeak.ch\/wp-content\/uploads\/2025\/04\/Studypeak-Logo-SEO.png","type":"image\/png"}],"twitter_card":"summary_large_image","schema":{"@context":"https:\/\/schema.org","@graph":[{"@type":"WebPage","@id":"https:\/\/studypeak.ch\/alte-pruefungen\/","url":"https:\/\/studypeak.ch\/alte-pruefungen\/","name":"Tutti i vecchi esami Gymi di Zurigo - Archivio esami | studypeak","isPartOf":{"@id":"https:\/\/studypeak.ch\/#website"},"datePublished":"2025-02-11T05:26:43+00:00","dateModified":"2026-03-27T13:53:07+00:00","description":"Esercitati per l\u2019esame Gymi con gli esami degli anni precedenti! Scarica gli esami originali e preparati al meglio per il passaggio al liceo.","breadcrumb":{"@id":"https:\/\/studypeak.ch\/alte-pruefungen\/#breadcrumb"},"inLanguage":"it-IT","potentialAction":[{"@type":"ReadAction","target":["https:\/\/studypeak.ch\/alte-pruefungen\/"]}]},{"@type":"BreadcrumbList","@id":"https:\/\/studypeak.ch\/alte-pruefungen\/#breadcrumb","itemListElement":[{"@type":"ListItem","position":1,"name":"Home","item":"https:\/\/studypeak.ch\/"},{"@type":"ListItem","position":2,"name":"Alte Pr\u00fcfungen"}]},{"@type":"WebSite","@id":"https:\/\/studypeak.ch\/#website","url":"https:\/\/studypeak.ch\/","name":"studypeak","description":"studypeak","publisher":{"@id":"https:\/\/studypeak.ch\/#organization"},"potentialAction":[{"@type":"SearchAction","target":{"@type":"EntryPoint","urlTemplate":"https:\/\/studypeak.ch\/?s={search_term_string}"},"query-input":{"@type":"PropertyValueSpecification","valueRequired":true,"valueName":"search_term_string"}}],"inLanguage":"it-IT"},{"@type":"Organization","@id":"https:\/\/studypeak.ch\/#organization","name":"studypeak","url":"https:\/\/studypeak.ch\/","logo":{"@type":"ImageObject","inLanguage":"it-IT","@id":"https:\/\/studypeak.ch\/#\/schema\/logo\/image\/","url":"https:\/\/studypeak.ch\/wp-content\/uploads\/2024\/10\/studypeak-logo.svg","contentUrl":"https:\/\/studypeak.ch\/wp-content\/uploads\/2024\/10\/studypeak-logo.svg","caption":"studypeak"},"image":{"@id":"https:\/\/studypeak.ch\/#\/schema\/logo\/image\/"}}]}},"jetpack_sharing_enabled":true,"_links":{"self":[{"href":"https:\/\/studypeak.ch\/it\/wp-json\/wp\/v2\/pages\/82998","targetHints":{"allow":["GET"]}}],"collection":[{"href":"https:\/\/studypeak.ch\/it\/wp-json\/wp\/v2\/pages"}],"about":[{"href":"https:\/\/studypeak.ch\/it\/wp-json\/wp\/v2\/types\/page"}],"author":[{"embeddable":true,"href":"https:\/\/studypeak.ch\/it\/wp-json\/wp\/v2\/users\/1"}],"replies":[{"embeddable":true,"href":"https:\/\/studypeak.ch\/it\/wp-json\/wp\/v2\/comments?post=82998"}],"version-history":[{"count":100,"href":"https:\/\/studypeak.ch\/it\/wp-json\/wp\/v2\/pages\/82998\/revisions"}],"predecessor-version":[{"id":138224,"href":"https:\/\/studypeak.ch\/it\/wp-json\/wp\/v2\/pages\/82998\/revisions\/138224"}],"wp:attachment":[{"href":"https:\/\/studypeak.ch\/it\/wp-json\/wp\/v2\/media?parent=82998"}],"curies":[{"name":"wp","href":"https:\/\/api.w.org\/{rel}","templated":true}]}}